{"id":337,"date":"2024-09-03T08:46:48","date_gmt":"2024-09-03T08:46:48","guid":{"rendered":"https:\/\/www.buergerbuero-energiewende.de\/?page_id=337"},"modified":"2025-08-15T08:32:08","modified_gmt":"2025-08-15T08:32:08","slug":"impressum","status":"publish","type":"page","link":"https:\/\/www.buergerbuero-energiewende.de\/?page_id=337","title":{"rendered":"Impressum"},"content":{"rendered":"<p>[et_pb_section fb_built=&#8220;1&#8243; _builder_version=&#8220;4.27.0&#8243; _module_preset=&#8220;default&#8220; custom_padding=&#8220;||73px|||&#8220; global_colors_info=&#8220;{}&#8220;][et_pb_row _builder_version=&#8220;4.27.0&#8243; _module_preset=&#8220;default&#8220; global_colors_info=&#8220;{}&#8220;][et_pb_column type=&#8220;4_4&#8243; _builder_version=&#8220;4.27.0&#8243; _module_preset=&#8220;default&#8220; global_colors_info=&#8220;{}&#8220;][et_pb_text _builder_version=&#8220;4.27.0&#8243; _module_preset=&#8220;default&#8220; text_font_size=&#8220;24px&#8220; text_line_height=&#8220;1.4em&#8220; header_font=&#8220;&#8211;et_global_heading_font|600|||||||&#8220; header_text_color=&#8220;#314C93&#8243; header_font_size=&#8220;38px&#8220; header_line_height=&#8220;1.2em&#8220; background_color=&#8220;RGBA(255,255,255,0)&#8220; width=&#8220;91.4%&#8220; custom_margin=&#8220;|-664px||||&#8220; header_font_size_tablet=&#8220;38px&#8220; header_font_size_phone=&#8220;24px&#8220; header_font_size_last_edited=&#8220;on|phone&#8220; global_colors_info=&#8220;{}&#8220;]<\/p>\n<h1 style=\"text-align: left;\">Impressum<\/h1>\n<p>[\/et_pb_text][\/et_pb_column][\/et_pb_row][et_pb_row column_structure=&#8220;1_2,1_2&#8243; _builder_version=&#8220;4.27.0&#8243; _module_preset=&#8220;default&#8220; global_colors_info=&#8220;{}&#8220;][et_pb_column type=&#8220;1_2&#8243; _builder_version=&#8220;4.27.0&#8243; _module_preset=&#8220;default&#8220; global_colors_info=&#8220;{}&#8220;][et_pb_text _builder_version=&#8220;4.27.0&#8243; _module_preset=&#8220;default&#8220; text_font_size=&#8220;18px&#8220; header_font=&#8220;|600|||||||&#8220; header_text_color=&#8220;#314C93&#8243; hover_enabled=&#8220;0&#8243; text_font_size_tablet=&#8220;18px&#8220; text_font_size_phone=&#8220;14px&#8220; text_font_size_last_edited=&#8220;on|phone&#8220; global_colors_info=&#8220;{}&#8220; sticky_enabled=&#8220;0&#8243;]<\/p>\n<p>Kaltwasser Kommunikation GmbH<br \/>Lorenzer Str. 3<br \/>90402 N\u00fcrnberg<\/p>\n<p><strong>Gesch\u00e4ftsf\u00fchrung:<\/strong><br \/>Bernd Hendl<br \/>Brigitte Kaltwasser<br \/>Andreas Schauerte<\/p>\n<p><strong>Amtsgericht<\/strong>\u00a0N\u00fcrnberg HRB 14764<\/p>\n<p><strong>Kontakt:<br \/><\/strong>Telefon: 09187-706 99 71<br \/>E-Mail: <a href=\"mailto:info@buergerbuero-energiewende.de\" target=\"_blank\" rel=\"noopener\">info@buergerbuero-energiewende.de<\/a><\/p>\n<p class=\"wp-block-heading\"><strong>Umsatzsteuer-ID<\/strong><\/p>\n<p>Umsatzsteuer-Identifikationsnummer gem\u00e4\u00df \u00a7 27 a Umsatzsteuergesetz:<br \/>DE\u00a0812 569 905<\/p>\n<p>[\/et_pb_text][\/et_pb_column][et_pb_column type=&#8220;1_2&#8243; _builder_version=&#8220;4.27.0&#8243; _module_preset=&#8220;default&#8220; global_colors_info=&#8220;{}&#8220;][et_pb_text _builder_version=&#8220;4.27.0&#8243; _module_preset=&#8220;default&#8220; text_font_size=&#8220;18px&#8220; header_font=&#8220;|600|||||||&#8220; header_text_color=&#8220;#314C93&#8243; hover_enabled=&#8220;0&#8243; text_font_size_tablet=&#8220;18px&#8220; text_font_size_phone=&#8220;14px&#8220; text_font_size_last_edited=&#8220;on|phone&#8220; global_colors_info=&#8220;{}&#8220; sticky_enabled=&#8220;0&#8243;]<\/p>\n<p class=\"wp-block-heading\"><strong>EU-Streitschlichtung<\/strong><\/p>\n<p>Die Europ\u00e4ische Kommission stellt eine Plattform zur Online-Streitbeilegung (OS) bereit: <a href=\"https:\/\/ec.europa.eu\/consumers\/odr\/\" target=\"_blank\" rel=\"noreferrer noopener\">https:\/\/ec.europa.eu\/consumers\/odr\/<\/a>.<br \/>Unsere E-Mail-Adresse finden Sie links im Impressum.<\/p>\n<p class=\"wp-block-heading\"><strong>Verbraucher\u00adstreit\u00adbeilegung\/Universal\u00adschlichtungs\u00adstelle<\/strong><\/p>\n<p>Wir sind nicht bereit oder verpflichtet, an Streitbeilegungsverfahren vor einer Verbraucherschlichtungsstelle teilzunehmen.<\/p>\n<p>&nbsp;<\/p>\n<p>&nbsp;<\/p>\n<p>[\/et_pb_text][\/et_pb_column][\/et_pb_row][\/et_pb_section]<\/p>\n","protected":false},"excerpt":{"rendered":"<p>ImpressumKaltwasser Kommunikation GmbHLorenzer Str. 390402 N\u00fcrnberg Gesch\u00e4ftsf\u00fchrung:Bernd HendlBrigitte KaltwasserAndreas Schauerte Amtsgericht\u00a0N\u00fcrnberg HRB 14764 Kontakt:Telefon: 09187-706 99 71E-Mail: info@buergerbuero-energiewende.de Umsatzsteuer-ID Umsatzsteuer-Identifikationsnummer gem\u00e4\u00df \u00a7 27 a Umsatzsteuergesetz:DE\u00a0812 569 905EU-Streitschlichtung Die Europ\u00e4ische Kommission stellt eine Plattform zur Online-Streitbeilegung (OS) bereit: https:\/\/ec.europa.eu\/consumers\/odr\/.Unsere E-Mail-Adresse finden Sie links im Impressum. Verbraucher\u00adstreit\u00adbeilegung\/Universal\u00adschlichtungs\u00adstelle Wir sind nicht bereit oder verpflichtet, an Streitbeilegungsverfahren vor einer [&hellip;]<\/p>\n","protected":false},"author":1,"featured_media":0,"parent":0,"menu_order":0,"comment_status":"closed","ping_status":"closed","template":"","meta":{"_et_pb_use_builder":"on","_et_pb_old_content":"","_et_gb_content_width":"","footnotes":""},"class_list":["post-337","page","type-page","status-publish","hentry"],"yoast_head":"<!-- This site is optimized with the Yoast SEO plugin v27.0 - https:\/\/yoast.com\/product\/yoast-seo-wordpress\/ -->\n<title>Impressum - B\u00fcrgerb\u00fcro Energiewende Altdorf<\/title>\n<meta name=\"robots\" content=\"index, follow, max-snippet:-1, max-image-preview:large, max-video-preview:-1\" \/>\n<link rel=\"canonical\" href=\"https:\/\/www.buergerbuero-energiewende.de\/?page_id=337\" \/>\n<meta property=\"og:locale\" content=\"de_DE\" \/>\n<meta property=\"og:type\" content=\"article\" \/>\n<meta property=\"og:title\" content=\"Impressum - B\u00fcrgerb\u00fcro Energiewende Altdorf\" \/>\n<meta property=\"og:description\" content=\"ImpressumKaltwasser Kommunikation GmbHLorenzer Str. 390402 N\u00fcrnberg Gesch\u00e4ftsf\u00fchrung:Bernd HendlBrigitte KaltwasserAndreas Schauerte Amtsgericht\u00a0N\u00fcrnberg HRB 14764 Kontakt:Telefon: 09187-706 99 71E-Mail: info@buergerbuero-energiewende.de Umsatzsteuer-ID Umsatzsteuer-Identifikationsnummer gem\u00e4\u00df \u00a7 27 a Umsatzsteuergesetz:DE\u00a0812 569 905EU-Streitschlichtung Die Europ\u00e4ische Kommission stellt eine Plattform zur Online-Streitbeilegung (OS) bereit: https:\/\/ec.europa.eu\/consumers\/odr\/.Unsere E-Mail-Adresse finden Sie links im Impressum. Verbraucher\u00adstreit\u00adbeilegung\/Universal\u00adschlichtungs\u00adstelle Wir sind nicht bereit oder verpflichtet, an Streitbeilegungsverfahren vor einer [&hellip;]\" \/>\n<meta property=\"og:url\" content=\"https:\/\/www.buergerbuero-energiewende.de\/?page_id=337\" \/>\n<meta property=\"og:site_name\" content=\"B\u00fcrgerb\u00fcro Energiewende Altdorf\" \/>\n<meta property=\"article:modified_time\" content=\"2025-08-15T08:32:08+00:00\" \/>\n<meta name=\"twitter:card\" content=\"summary_large_image\" \/>\n<script type=\"application\/ld+json\" class=\"yoast-schema-graph\">{\"@context\":\"https:\/\/schema.org\",\"@graph\":[{\"@type\":\"WebPage\",\"@id\":\"https:\/\/www.buergerbuero-energiewende.de\/?page_id=337\",\"url\":\"https:\/\/www.buergerbuero-energiewende.de\/?page_id=337\",\"name\":\"Impressum - B\u00fcrgerb\u00fcro Energiewende Altdorf\",\"isPartOf\":{\"@id\":\"https:\/\/www.buergerbuero-energiewende.de\/#website\"},\"datePublished\":\"2024-09-03T08:46:48+00:00\",\"dateModified\":\"2025-08-15T08:32:08+00:00\",\"breadcrumb\":{\"@id\":\"https:\/\/www.buergerbuero-energiewende.de\/?page_id=337#breadcrumb\"},\"inLanguage\":\"de\",\"potentialAction\":[{\"@type\":\"ReadAction\",\"target\":[\"https:\/\/www.buergerbuero-energiewende.de\/?page_id=337\"]}]},{\"@type\":\"BreadcrumbList\",\"@id\":\"https:\/\/www.buergerbuero-energiewende.de\/?page_id=337#breadcrumb\",\"itemListElement\":[{\"@type\":\"ListItem\",\"position\":1,\"name\":\"Startseite\",\"item\":\"https:\/\/www.buergerbuero-energiewende.de\/\"},{\"@type\":\"ListItem\",\"position\":2,\"name\":\"Impressum\"}]},{\"@type\":\"WebSite\",\"@id\":\"https:\/\/www.buergerbuero-energiewende.de\/#website\",\"url\":\"https:\/\/www.buergerbuero-energiewende.de\/\",\"name\":\"B\u00fcrgerb\u00fcro Energiewende Altdorf\",\"description\":\"\",\"potentialAction\":[{\"@type\":\"SearchAction\",\"target\":{\"@type\":\"EntryPoint\",\"urlTemplate\":\"https:\/\/www.buergerbuero-energiewende.de\/?s={search_term_string}\"},\"query-input\":{\"@type\":\"PropertyValueSpecification\",\"valueRequired\":true,\"valueName\":\"search_term_string\"}}],\"inLanguage\":\"de\"}]}<\/script>\n<!-- \/ Yoast SEO plugin. -->","yoast_head_json":{"title":"Impressum - B\u00fcrgerb\u00fcro Energiewende Altdorf","robots":{"index":"index","follow":"follow","max-snippet":"max-snippet:-1","max-image-preview":"max-image-preview:large","max-video-preview":"max-video-preview:-1"},"canonical":"https:\/\/www.buergerbuero-energiewende.de\/?page_id=337","og_locale":"de_DE","og_type":"article","og_title":"Impressum - B\u00fcrgerb\u00fcro Energiewende Altdorf","og_description":"ImpressumKaltwasser Kommunikation GmbHLorenzer Str. 390402 N\u00fcrnberg Gesch\u00e4ftsf\u00fchrung:Bernd HendlBrigitte KaltwasserAndreas Schauerte Amtsgericht\u00a0N\u00fcrnberg HRB 14764 Kontakt:Telefon: 09187-706 99 71E-Mail: info@buergerbuero-energiewende.de Umsatzsteuer-ID Umsatzsteuer-Identifikationsnummer gem\u00e4\u00df \u00a7 27 a Umsatzsteuergesetz:DE\u00a0812 569 905EU-Streitschlichtung Die Europ\u00e4ische Kommission stellt eine Plattform zur Online-Streitbeilegung (OS) bereit: https:\/\/ec.europa.eu\/consumers\/odr\/.Unsere E-Mail-Adresse finden Sie links im Impressum. Verbraucher\u00adstreit\u00adbeilegung\/Universal\u00adschlichtungs\u00adstelle Wir sind nicht bereit oder verpflichtet, an Streitbeilegungsverfahren vor einer [&hellip;]","og_url":"https:\/\/www.buergerbuero-energiewende.de\/?page_id=337","og_site_name":"B\u00fcrgerb\u00fcro Energiewende Altdorf","article_modified_time":"2025-08-15T08:32:08+00:00","twitter_card":"summary_large_image","schema":{"@context":"https:\/\/schema.org","@graph":[{"@type":"WebPage","@id":"https:\/\/www.buergerbuero-energiewende.de\/?page_id=337","url":"https:\/\/www.buergerbuero-energiewende.de\/?page_id=337","name":"Impressum - B\u00fcrgerb\u00fcro Energiewende Altdorf","isPartOf":{"@id":"https:\/\/www.buergerbuero-energiewende.de\/#website"},"datePublished":"2024-09-03T08:46:48+00:00","dateModified":"2025-08-15T08:32:08+00:00","breadcrumb":{"@id":"https:\/\/www.buergerbuero-energiewende.de\/?page_id=337#breadcrumb"},"inLanguage":"de","potentialAction":[{"@type":"ReadAction","target":["https:\/\/www.buergerbuero-energiewende.de\/?page_id=337"]}]},{"@type":"BreadcrumbList","@id":"https:\/\/www.buergerbuero-energiewende.de\/?page_id=337#breadcrumb","itemListElement":[{"@type":"ListItem","position":1,"name":"Startseite","item":"https:\/\/www.buergerbuero-energiewende.de\/"},{"@type":"ListItem","position":2,"name":"Impressum"}]},{"@type":"WebSite","@id":"https:\/\/www.buergerbuero-energiewende.de\/#website","url":"https:\/\/www.buergerbuero-energiewende.de\/","name":"B\u00fcrgerb\u00fcro Energiewende Altdorf","description":"","potentialAction":[{"@type":"SearchAction","target":{"@type":"EntryPoint","urlTemplate":"https:\/\/www.buergerbuero-energiewende.de\/?s={search_term_string}"},"query-input":{"@type":"PropertyValueSpecification","valueRequired":true,"valueName":"search_term_string"}}],"inLanguage":"de"}]}},"publishpress_future_action":{"enabled":false,"date":"2026-04-25 09:52:20","action":"change-status","newStatus":"draft","terms":[],"taxonomy":"","extraData":[]},"publishpress_future_workflow_manual_trigger":{"enabledWorkflows":[]},"_links":{"self":[{"href":"https:\/\/www.buergerbuero-energiewende.de\/index.php?rest_route=\/wp\/v2\/pages\/337","targetHints":{"allow":["GET"]}}],"collection":[{"href":"https:\/\/www.buergerbuero-energiewende.de\/index.php?rest_route=\/wp\/v2\/pages"}],"about":[{"href":"https:\/\/www.buergerbuero-energiewende.de\/index.php?rest_route=\/wp\/v2\/types\/page"}],"author":[{"embeddable":true,"href":"https:\/\/www.buergerbuero-energiewende.de\/index.php?rest_route=\/wp\/v2\/users\/1"}],"replies":[{"embeddable":true,"href":"https:\/\/www.buergerbuero-energiewende.de\/index.php?rest_route=%2Fwp%2Fv2%2Fcomments&post=337"}],"version-history":[{"count":5,"href":"https:\/\/www.buergerbuero-energiewende.de\/index.php?rest_route=\/wp\/v2\/pages\/337\/revisions"}],"predecessor-version":[{"id":728,"href":"https:\/\/www.buergerbuero-energiewende.de\/index.php?rest_route=\/wp\/v2\/pages\/337\/revisions\/728"}],"wp:attachment":[{"href":"https:\/\/www.buergerbuero-energiewende.de\/index.php?rest_route=%2Fwp%2Fv2%2Fmedia&parent=337"}],"curies":[{"name":"wp","href":"https:\/\/api.w.org\/{rel}","templated":true}]}}