{"id":328,"date":"2024-09-03T08:35:29","date_gmt":"2024-09-03T08:35:29","guid":{"rendered":"https:\/\/www.buergerbuero-energiewende.de\/?page_id=328"},"modified":"2026-03-11T12:37:54","modified_gmt":"2026-03-11T12:37:54","slug":"expertengespraech-umspannwerk-erdkabel-und-kabeluebergangsanlage","status":"publish","type":"page","link":"https:\/\/www.buergerbuero-energiewende.de\/?page_id=328","title":{"rendered":"Expertengespr\u00e4ch Umspannwerk, Erdkabel und Kabel\u00fcbergangsanlage"},"content":{"rendered":"<p>[et_pb_section fb_built=&#8220;1&#8243; _builder_version=&#8220;4.27.0&#8243; _module_preset=&#8220;default&#8220; custom_padding=&#8220;||73px|||&#8220; global_colors_info=&#8220;{}&#8220;][et_pb_row _builder_version=&#8220;4.27.0&#8243; _module_preset=&#8220;default&#8220; global_colors_info=&#8220;{}&#8220;][et_pb_column type=&#8220;4_4&#8243; _builder_version=&#8220;4.27.0&#8243; _module_preset=&#8220;default&#8220; global_colors_info=&#8220;{}&#8220;][et_pb_text _builder_version=&#8220;4.27.0&#8243; _module_preset=&#8220;default&#8220; text_font_size=&#8220;24px&#8220; text_line_height=&#8220;1.4em&#8220; header_font=&#8220;&#8211;et_global_heading_font|600|||||||&#8220; header_text_color=&#8220;#314C93&#8243; header_font_size=&#8220;38px&#8220; header_line_height=&#8220;1.2em&#8220; background_color=&#8220;RGBA(255,255,255,0)&#8220; width=&#8220;91.4%&#8220; custom_margin=&#8220;|-664px||||&#8220; hover_enabled=&#8220;0&#8243; global_colors_info=&#8220;{}&#8220; header_font_size_last_edited=&#8220;on|phone&#8220; sticky_enabled=&#8220;0&#8243; header_font_size_phone=&#8220;24px&#8220; header_font_size_tablet=&#8220;38px&#8220;]<\/p>\n<h1 style=\"text-align: left;\">Expertengespr\u00e4ch zu den Themen Umspannwerk, Erdkabel und Kabel\u00fcbergangsanlage<\/h1>\n<p>[\/et_pb_text][\/et_pb_column][\/et_pb_row][et_pb_row column_structure=&#8220;2_5,3_5&#8243; _builder_version=&#8220;4.27.0&#8243; _module_preset=&#8220;default&#8220; global_colors_info=&#8220;{}&#8220;][et_pb_column type=&#8220;2_5&#8243; _builder_version=&#8220;4.27.0&#8243; _module_preset=&#8220;default&#8220; global_colors_info=&#8220;{}&#8220;][et_pb_image src=&#8220;https:\/\/www.buergerbuero-energiewende.de\/wp-content\/uploads\/2024\/09\/expertengespraeche-1.png&#8220; alt=&#8220;Gewitter&#8220; title_text=&#8220;expertengespraeche-1&#8243; _builder_version=&#8220;4.27.0&#8243; _module_preset=&#8220;default&#8220; custom_margin=&#8220;||25px||false|false&#8220; global_colors_info=&#8220;{}&#8220;][\/et_pb_image][et_pb_image src=&#8220;https:\/\/www.buergerbuero-energiewende.de\/wp-content\/uploads\/2024\/09\/expertengespraeche-2.png&#8220; title_text=&#8220;expertengespraeche-2&#8243; _builder_version=&#8220;4.27.0&#8243; _module_preset=&#8220;default&#8220; global_colors_info=&#8220;{}&#8220;][\/et_pb_image][\/et_pb_column][et_pb_column type=&#8220;3_5&#8243; _builder_version=&#8220;4.27.0&#8243; _module_preset=&#8220;default&#8220; global_colors_info=&#8220;{}&#8220;][et_pb_text _builder_version=&#8220;4.27.0&#8243; _module_preset=&#8220;default&#8220; text_text_color=&#8220;#7FA2C4&#8243; text_font_size=&#8220;18px&#8220; width=&#8220;97.2%&#8220; custom_padding=&#8220;||0px|||&#8220; hover_enabled=&#8220;0&#8243; global_colors_info=&#8220;{}&#8220; text_font_size_last_edited=&#8220;on|phone&#8220; sticky_enabled=&#8220;0&#8243; text_font_size_phone=&#8220;14px&#8220; text_font_size_tablet=&#8220;18px&#8220;]<\/p>\n<p><strong>Um die Energiewende erfolgreich umzusetzen, kommt dem Ausbau des Strom- und \u00dcbertragungsnetzes eine bedeutende Rolle zu. Nur so kann eine kosteng\u00fcnstige und sichere Stromversorgung in Bayern dauerhaft gew\u00e4hrleistet werden.\u00a0<\/strong><\/p>\n<p>[\/et_pb_text][et_pb_text _builder_version=&#8220;4.27.0&#8243; _module_preset=&#8220;default&#8220; text_font_size=&#8220;18px&#8220; hover_enabled=&#8220;0&#8243; global_colors_info=&#8220;{}&#8220; text_font_size_last_edited=&#8220;on|phone&#8220; sticky_enabled=&#8220;0&#8243; text_font_size_phone=&#8220;14px&#8220; text_font_size_tablet=&#8220;18px&#8220;]<\/p>\n<p><span data-contrast=\"auto\">Damit gehen nat\u00fcrlich viele Fragen der B\u00fcrgerinnen und B\u00fcrger zu geplanten Projekten und baulichen Ma\u00dfnahmen wie Umspannwerken, Erdkabeln und Kabel\u00fcbergangsanlagen einher. Daher lud das B\u00fcrgerb\u00fcro alle Interessierten am 09.08.2023 zum Expertengespr\u00e4ch zu den Themen Umspannwerk, Erdkabel und Kabel\u00fcbergangsanlage ein. B\u00fcrgerinnen und B\u00fcrger hatten dort die M\u00f6glichkeit, TenneT-Experten Fragen wie \u201eWozu braucht es ein Umspannwerk?\u201c, \u201eWas passiert dort?\u201c, \u201eWie wird ein Erdkabel verlegt?\u201c und \u201eWarum ist eine Kabel\u00fcbergangsanlage n\u00f6tig?\u201c zu stellen.<\/span><span data-ccp-props=\"{&quot;201341983&quot;:0,&quot;335559739&quot;:160,&quot;335559740&quot;:279}\">\u00a0<\/span><\/p>\n<p><span data-contrast=\"auto\">Die Mitarbeiter von TenneT erl\u00e4uterten dabei technisch komplexe Zusammenh\u00e4nge, Abl\u00e4ufe und einzelne Schritte bestimmter Ma\u00dfnahmen.<\/span><\/p>\n<ul><\/ul>\n<p>[\/et_pb_text][\/et_pb_column][\/et_pb_row][\/et_pb_section]<\/p>\n","protected":false},"excerpt":{"rendered":"<p>Expertengespr\u00e4ch zu den Themen Umspannwerk, Erdkabel und Kabel\u00fcbergangsanlageUm die Energiewende erfolgreich umzusetzen, kommt dem Ausbau des Strom- und \u00dcbertragungsnetzes eine bedeutende Rolle zu. Nur so kann eine kosteng\u00fcnstige und sichere Stromversorgung in Bayern dauerhaft gew\u00e4hrleistet werden.\u00a0Damit gehen nat\u00fcrlich viele Fragen der B\u00fcrgerinnen und B\u00fcrger zu geplanten Projekten und baulichen Ma\u00dfnahmen wie Umspannwerken, Erdkabeln und Kabel\u00fcbergangsanlagen [&hellip;]<\/p>\n","protected":false},"author":1,"featured_media":0,"parent":838,"menu_order":0,"comment_status":"closed","ping_status":"closed","template":"","meta":{"_et_pb_use_builder":"on","_et_pb_old_content":"","_et_gb_content_width":"","footnotes":""},"class_list":["post-328","page","type-page","status-publish","hentry"],"yoast_head":"<!-- This site is optimized with the Yoast SEO plugin v27.0 - https:\/\/yoast.com\/product\/yoast-seo-wordpress\/ -->\n<title>Expertengespr\u00e4ch Umspannwerk, Erdkabel und Kabel\u00fcbergangsanlage - B\u00fcrgerb\u00fcro Energiewende Altdorf<\/title>\n<meta name=\"robots\" content=\"index, follow, max-snippet:-1, max-image-preview:large, max-video-preview:-1\" \/>\n<link rel=\"canonical\" href=\"https:\/\/www.buergerbuero-energiewende.de\/?page_id=328\" \/>\n<meta property=\"og:locale\" content=\"de_DE\" \/>\n<meta property=\"og:type\" content=\"article\" \/>\n<meta property=\"og:title\" content=\"Expertengespr\u00e4ch Umspannwerk, Erdkabel und Kabel\u00fcbergangsanlage - B\u00fcrgerb\u00fcro Energiewende Altdorf\" \/>\n<meta property=\"og:description\" content=\"Expertengespr\u00e4ch zu den Themen Umspannwerk, Erdkabel und Kabel\u00fcbergangsanlageUm die Energiewende erfolgreich umzusetzen, kommt dem Ausbau des Strom- und \u00dcbertragungsnetzes eine bedeutende Rolle zu. Nur so kann eine kosteng\u00fcnstige und sichere Stromversorgung in Bayern dauerhaft gew\u00e4hrleistet werden.\u00a0Damit gehen nat\u00fcrlich viele Fragen der B\u00fcrgerinnen und B\u00fcrger zu geplanten Projekten und baulichen Ma\u00dfnahmen wie Umspannwerken, Erdkabeln und Kabel\u00fcbergangsanlagen [&hellip;]\" \/>\n<meta property=\"og:url\" content=\"https:\/\/www.buergerbuero-energiewende.de\/?page_id=328\" \/>\n<meta property=\"og:site_name\" content=\"B\u00fcrgerb\u00fcro Energiewende Altdorf\" \/>\n<meta property=\"article:modified_time\" content=\"2026-03-11T12:37:54+00:00\" \/>\n<meta name=\"twitter:card\" content=\"summary_large_image\" \/>\n<script type=\"application\/ld+json\" class=\"yoast-schema-graph\">{\"@context\":\"https:\/\/schema.org\",\"@graph\":[{\"@type\":\"WebPage\",\"@id\":\"https:\/\/www.buergerbuero-energiewende.de\/?page_id=328\",\"url\":\"https:\/\/www.buergerbuero-energiewende.de\/?page_id=328\",\"name\":\"Expertengespr\u00e4ch Umspannwerk, Erdkabel und Kabel\u00fcbergangsanlage - B\u00fcrgerb\u00fcro Energiewende Altdorf\",\"isPartOf\":{\"@id\":\"https:\/\/www.buergerbuero-energiewende.de\/#website\"},\"datePublished\":\"2024-09-03T08:35:29+00:00\",\"dateModified\":\"2026-03-11T12:37:54+00:00\",\"breadcrumb\":{\"@id\":\"https:\/\/www.buergerbuero-energiewende.de\/?page_id=328#breadcrumb\"},\"inLanguage\":\"de\",\"potentialAction\":[{\"@type\":\"ReadAction\",\"target\":[\"https:\/\/www.buergerbuero-energiewende.de\/?page_id=328\"]}]},{\"@type\":\"BreadcrumbList\",\"@id\":\"https:\/\/www.buergerbuero-energiewende.de\/?page_id=328#breadcrumb\",\"itemListElement\":[{\"@type\":\"ListItem\",\"position\":1,\"name\":\"Startseite\",\"item\":\"https:\/\/www.buergerbuero-energiewende.de\/\"},{\"@type\":\"ListItem\",\"position\":2,\"name\":\"Aktuelles\",\"item\":\"https:\/\/www.buergerbuero-energiewende.de\/?page_id=838\"},{\"@type\":\"ListItem\",\"position\":3,\"name\":\"Expertengespr\u00e4ch Umspannwerk, Erdkabel und Kabel\u00fcbergangsanlage\"}]},{\"@type\":\"WebSite\",\"@id\":\"https:\/\/www.buergerbuero-energiewende.de\/#website\",\"url\":\"https:\/\/www.buergerbuero-energiewende.de\/\",\"name\":\"B\u00fcrgerb\u00fcro Energiewende Altdorf\",\"description\":\"\",\"potentialAction\":[{\"@type\":\"SearchAction\",\"target\":{\"@type\":\"EntryPoint\",\"urlTemplate\":\"https:\/\/www.buergerbuero-energiewende.de\/?s={search_term_string}\"},\"query-input\":{\"@type\":\"PropertyValueSpecification\",\"valueRequired\":true,\"valueName\":\"search_term_string\"}}],\"inLanguage\":\"de\"}]}<\/script>\n<!-- \/ Yoast SEO plugin. -->","yoast_head_json":{"title":"Expertengespr\u00e4ch Umspannwerk, Erdkabel und Kabel\u00fcbergangsanlage - B\u00fcrgerb\u00fcro Energiewende Altdorf","robots":{"index":"index","follow":"follow","max-snippet":"max-snippet:-1","max-image-preview":"max-image-preview:large","max-video-preview":"max-video-preview:-1"},"canonical":"https:\/\/www.buergerbuero-energiewende.de\/?page_id=328","og_locale":"de_DE","og_type":"article","og_title":"Expertengespr\u00e4ch Umspannwerk, Erdkabel und Kabel\u00fcbergangsanlage - B\u00fcrgerb\u00fcro Energiewende Altdorf","og_description":"Expertengespr\u00e4ch zu den Themen Umspannwerk, Erdkabel und Kabel\u00fcbergangsanlageUm die Energiewende erfolgreich umzusetzen, kommt dem Ausbau des Strom- und \u00dcbertragungsnetzes eine bedeutende Rolle zu. Nur so kann eine kosteng\u00fcnstige und sichere Stromversorgung in Bayern dauerhaft gew\u00e4hrleistet werden.\u00a0Damit gehen nat\u00fcrlich viele Fragen der B\u00fcrgerinnen und B\u00fcrger zu geplanten Projekten und baulichen Ma\u00dfnahmen wie Umspannwerken, Erdkabeln und Kabel\u00fcbergangsanlagen [&hellip;]","og_url":"https:\/\/www.buergerbuero-energiewende.de\/?page_id=328","og_site_name":"B\u00fcrgerb\u00fcro Energiewende Altdorf","article_modified_time":"2026-03-11T12:37:54+00:00","twitter_card":"summary_large_image","schema":{"@context":"https:\/\/schema.org","@graph":[{"@type":"WebPage","@id":"https:\/\/www.buergerbuero-energiewende.de\/?page_id=328","url":"https:\/\/www.buergerbuero-energiewende.de\/?page_id=328","name":"Expertengespr\u00e4ch Umspannwerk, Erdkabel und Kabel\u00fcbergangsanlage - B\u00fcrgerb\u00fcro Energiewende Altdorf","isPartOf":{"@id":"https:\/\/www.buergerbuero-energiewende.de\/#website"},"datePublished":"2024-09-03T08:35:29+00:00","dateModified":"2026-03-11T12:37:54+00:00","breadcrumb":{"@id":"https:\/\/www.buergerbuero-energiewende.de\/?page_id=328#breadcrumb"},"inLanguage":"de","potentialAction":[{"@type":"ReadAction","target":["https:\/\/www.buergerbuero-energiewende.de\/?page_id=328"]}]},{"@type":"BreadcrumbList","@id":"https:\/\/www.buergerbuero-energiewende.de\/?page_id=328#breadcrumb","itemListElement":[{"@type":"ListItem","position":1,"name":"Startseite","item":"https:\/\/www.buergerbuero-energiewende.de\/"},{"@type":"ListItem","position":2,"name":"Aktuelles","item":"https:\/\/www.buergerbuero-energiewende.de\/?page_id=838"},{"@type":"ListItem","position":3,"name":"Expertengespr\u00e4ch Umspannwerk, Erdkabel und Kabel\u00fcbergangsanlage"}]},{"@type":"WebSite","@id":"https:\/\/www.buergerbuero-energiewende.de\/#website","url":"https:\/\/www.buergerbuero-energiewende.de\/","name":"B\u00fcrgerb\u00fcro Energiewende Altdorf","description":"","potentialAction":[{"@type":"SearchAction","target":{"@type":"EntryPoint","urlTemplate":"https:\/\/www.buergerbuero-energiewende.de\/?s={search_term_string}"},"query-input":{"@type":"PropertyValueSpecification","valueRequired":true,"valueName":"search_term_string"}}],"inLanguage":"de"}]}},"publishpress_future_action":{"enabled":false,"date":"2026-05-03 16:00:49","action":"change-status","newStatus":"draft","terms":[],"taxonomy":"","extraData":[]},"publishpress_future_workflow_manual_trigger":{"enabledWorkflows":[]},"_links":{"self":[{"href":"https:\/\/www.buergerbuero-energiewende.de\/index.php?rest_route=\/wp\/v2\/pages\/328","targetHints":{"allow":["GET"]}}],"collection":[{"href":"https:\/\/www.buergerbuero-energiewende.de\/index.php?rest_route=\/wp\/v2\/pages"}],"about":[{"href":"https:\/\/www.buergerbuero-energiewende.de\/index.php?rest_route=\/wp\/v2\/types\/page"}],"author":[{"embeddable":true,"href":"https:\/\/www.buergerbuero-energiewende.de\/index.php?rest_route=\/wp\/v2\/users\/1"}],"replies":[{"embeddable":true,"href":"https:\/\/www.buergerbuero-energiewende.de\/index.php?rest_route=%2Fwp%2Fv2%2Fcomments&post=328"}],"version-history":[{"count":3,"href":"https:\/\/www.buergerbuero-energiewende.de\/index.php?rest_route=\/wp\/v2\/pages\/328\/revisions"}],"predecessor-version":[{"id":482,"href":"https:\/\/www.buergerbuero-energiewende.de\/index.php?rest_route=\/wp\/v2\/pages\/328\/revisions\/482"}],"up":[{"embeddable":true,"href":"https:\/\/www.buergerbuero-energiewende.de\/index.php?rest_route=\/wp\/v2\/pages\/838"}],"wp:attachment":[{"href":"https:\/\/www.buergerbuero-energiewende.de\/index.php?rest_route=%2Fwp%2Fv2%2Fmedia&parent=328"}],"curies":[{"name":"wp","href":"https:\/\/api.w.org\/{rel}","templated":true}]}}