{"id":259,"date":"2024-08-29T07:32:50","date_gmt":"2024-08-29T07:32:50","guid":{"rendered":"https:\/\/www.buergerbuero-energiewende.de\/?page_id=259"},"modified":"2026-03-11T12:39:29","modified_gmt":"2026-03-11T12:39:29","slug":"geraeuschentwicklung-fragen-antworten","status":"publish","type":"page","link":"https:\/\/www.buergerbuero-energiewende.de\/?page_id=259","title":{"rendered":"Ger\u00e4uschentwicklung \u2013 Fragen &amp; Antworten"},"content":{"rendered":"<p>[et_pb_section fb_built=&#8220;1&#8243; _builder_version=&#8220;4.27.0&#8243; _module_preset=&#8220;default&#8220; global_colors_info=&#8220;{}&#8220;][et_pb_row _builder_version=&#8220;4.27.0&#8243; _module_preset=&#8220;default&#8220; width=&#8220;92.1%&#8220; global_colors_info=&#8220;{}&#8220;][et_pb_column type=&#8220;4_4&#8243; _builder_version=&#8220;4.24.2&#8243; _module_preset=&#8220;default&#8220; global_colors_info=&#8220;{}&#8220;][et_pb_text _builder_version=&#8220;4.27.0&#8243; _module_preset=&#8220;default&#8220; text_font_size=&#8220;24px&#8220; text_line_height=&#8220;1.4em&#8220; header_font=&#8220;&#8211;et_global_heading_font|600|||||||&#8220; header_text_color=&#8220;#314C93&#8243; header_font_size=&#8220;38px&#8220; header_line_height=&#8220;1.2em&#8220; background_color=&#8220;RGBA(255,255,255,0)&#8220; width=&#8220;91.4%&#8220; custom_margin=&#8220;|-664px||||&#8220; header_font_size_tablet=&#8220;38px&#8220; header_font_size_phone=&#8220;24px&#8220; header_font_size_last_edited=&#8220;on|phone&#8220; global_colors_info=&#8220;{}&#8220;]<\/p>\n<h1 style=\"text-align: left;\">Technische Hintergr\u00fcnde wie Ger\u00e4uschentwicklung \u2013 Fragen &amp; Antworten<\/h1>\n<p>&nbsp;<\/p>\n<p>[\/et_pb_text][et_pb_accordion open_toggle_text_color=&#8220;#3550a0&#8243; open_toggle_background_color=&#8220;#f0f2f6&#8243; closed_toggle_text_color=&#8220;#3550a0&#8243; closed_toggle_background_color=&#8220;#f0f2f6&#8243; icon_color=&#8220;#3550a0&#8243; _builder_version=&#8220;4.27.0&#8243; toggle_font=&#8220;&#8211;et_global_heading_font||||||||&#8220; toggle_font_size=&#8220;22px&#8220; toggle_line_height=&#8220;1.5em&#8220; body_font=&#8220;||||||||&#8220; body_font_size=&#8220;16px&#8220; body_line_height=&#8220;1.9em&#8220; custom_margin=&#8220;|||&#8220; custom_padding=&#8220;|||&#8220; border_width_all=&#8220;0px&#8220; global_colors_info=&#8220;{}&#8220;][et_pb_accordion_item title=&#8220;Wie verh\u00e4lt sich es mit der Ger\u00e4uschentwicklung einer Freileitung, den sogenannten Koronager\u00e4uschen?&#8220; open=&#8220;on&#8220; _builder_version=&#8220;4.27.0&#8243; custom_margin=&#8220;10px||10px||true&#8220; custom_padding=&#8220;30px||30px||true&#8220; global_colors_info=&#8220;{}&#8220;]<\/p>\n<div class=\"ewa-rteLine\">\n<div class=\"ewa-rteLine\">Bei Hoch- und H\u00f6chstspannungsfreileitungen kann es an den Leiteroberfl\u00e4chen bei entsprechend hoher elektrischer Randfeldst\u00e4rke zur Ger\u00e4uschentwicklung in Form eines Knisterns durch Korona-Entladungen kommen. Dabei handelt es sich um elektrische Teildurchschl\u00e4ge der Luft, wenn am Leiterseil oder den Armaturen bestimmte Feldst\u00e4rken erreicht oder \u00fcberschritten werden. Dieser Korona-Effekt kann zeitweise bei feuchten Witterungsbedingungen (insbesondere Nebel, Regen, hohe Luftfeuchte) in unmittelbarer N\u00e4he von Hoch- und H\u00f6chstspannungsleitungen auftreten. Weiterhin h\u00e4ngt der Schallpegel von der elektrischen Feldst\u00e4rke auf der Oberfl\u00e4che der Leiterseile ab. Sie ergibt sich aus der H\u00f6he der Spannung, der Anzahl der Leiterseile je Phase sowie aus der geometrischen Anordnung und den Abst\u00e4nden der Leiterseile untereinander und zum Boden. Durch die Wahl geeigneter Bauteile und die Verwendung von vier Leiterseilen je elektrischer Phase werden die Korona-Entladungen auf ein immissionsschutzrechtlich zul\u00e4ssiges Ma\u00df reduziert, womit sichergestellt wird, dass die geplante 380-kV-Freileitung keine Schallimmissionen verursacht, die zu unzul\u00e4ssigen L\u00e4rmbel\u00e4stigungen f\u00fchren.<\/div>\n<\/div>\n<p>[\/et_pb_accordion_item][et_pb_accordion_item title=&#8220;Welche L\u00e4rm-Grenzwerte sind bei Freileitungen einzuhalten?&#8220; _builder_version=&#8220;4.27.0&#8243; custom_margin=&#8220;10px||10px||true&#8220; custom_padding=&#8220;30px||30px||true&#8220; global_colors_info=&#8220;{}&#8220; open=&#8220;off&#8220;]<\/p>\n<div class=\"ewa-rteLine\">\n<div class=\"ewa-rteLine\">F\u00fcr L\u00e4rmemissionen gilt in Deutschland die \u201eSechste Allgemeine Verwaltungsvorschrift zum Bundes-Immissionsschutzgesetz (Technische Anleitung zum Schutz gegen L\u00e4rm \u2013 TA L\u00e4rm)\u201c. Die Richtwerte der TA-L\u00e4rm legen zum Schutz vor L\u00e4rmimmissionen folgende Grenzwerte fest:<\/div>\n<ul>\n<li class=\"ewa-rteLine\"><strong>In Kerngebieten, Dorfgebieten und Mischgebieten:<\/strong> tags 60 dB(A), nachts 45 dB(A)<\/li>\n<li class=\"ewa-rteLine\"><strong>In allgemeinen Wohngebieten und Kleinsiedlungsgebieten:<\/strong> tags 55 dB(A), nachts 40 dB(A)<\/li>\n<li class=\"ewa-rteLine\"><strong>In reinen Wohngebieten:<\/strong> tags 50 dB(A), nachts 35 dB(A)<\/li>\n<\/ul>\n<div class=\"ewa-rteLine\">Die Richtwerte der TA-L\u00e4rm werden beim Betrieb der Freileitungen grunds\u00e4tzlich eingehalten bzw. selbst direkt unterhalb der Freileitungen dauerhaft deutlich unterschritten.<\/div>\n<\/div>\n<p>[\/et_pb_accordion_item][\/et_pb_accordion][\/et_pb_column][\/et_pb_row][\/et_pb_section]<\/p>\n","protected":false},"excerpt":{"rendered":"<p>Technische Hintergr\u00fcnde wie Ger\u00e4uschentwicklung \u2013 Fragen &amp; Antworten &nbsp; Bei Hoch- und H\u00f6chstspannungsfreileitungen kann es an den Leiteroberfl\u00e4chen bei entsprechend hoher elektrischer Randfeldst\u00e4rke zur Ger\u00e4uschentwicklung in Form eines Knisterns durch Korona-Entladungen kommen. Dabei handelt es sich um elektrische Teildurchschl\u00e4ge der Luft, wenn am Leiterseil oder den Armaturen bestimmte Feldst\u00e4rken erreicht oder \u00fcberschritten werden. Dieser Korona-Effekt [&hellip;]<\/p>\n","protected":false},"author":1,"featured_media":0,"parent":838,"menu_order":0,"comment_status":"closed","ping_status":"closed","template":"","meta":{"_et_pb_use_builder":"on","_et_pb_old_content":"","_et_gb_content_width":"","footnotes":""},"class_list":["post-259","page","type-page","status-publish","hentry"],"yoast_head":"<!-- This site is optimized with the Yoast SEO plugin v27.0 - https:\/\/yoast.com\/product\/yoast-seo-wordpress\/ -->\n<title>Ger\u00e4uschentwicklung \u2013 Fragen &amp; Antworten - B\u00fcrgerb\u00fcro Energiewende Altdorf<\/title>\n<meta name=\"robots\" content=\"index, follow, max-snippet:-1, max-image-preview:large, max-video-preview:-1\" \/>\n<link rel=\"canonical\" href=\"https:\/\/www.buergerbuero-energiewende.de\/?page_id=259\" \/>\n<meta property=\"og:locale\" content=\"de_DE\" \/>\n<meta property=\"og:type\" content=\"article\" \/>\n<meta property=\"og:title\" content=\"Ger\u00e4uschentwicklung \u2013 Fragen &amp; Antworten - B\u00fcrgerb\u00fcro Energiewende Altdorf\" \/>\n<meta property=\"og:description\" content=\"Technische Hintergr\u00fcnde wie Ger\u00e4uschentwicklung \u2013 Fragen &amp; Antworten &nbsp; Bei Hoch- und H\u00f6chstspannungsfreileitungen kann es an den Leiteroberfl\u00e4chen bei entsprechend hoher elektrischer Randfeldst\u00e4rke zur Ger\u00e4uschentwicklung in Form eines Knisterns durch Korona-Entladungen kommen. Dabei handelt es sich um elektrische Teildurchschl\u00e4ge der Luft, wenn am Leiterseil oder den Armaturen bestimmte Feldst\u00e4rken erreicht oder \u00fcberschritten werden. Dieser Korona-Effekt [&hellip;]\" \/>\n<meta property=\"og:url\" content=\"https:\/\/www.buergerbuero-energiewende.de\/?page_id=259\" \/>\n<meta property=\"og:site_name\" content=\"B\u00fcrgerb\u00fcro Energiewende Altdorf\" \/>\n<meta property=\"article:modified_time\" content=\"2026-03-11T12:39:29+00:00\" \/>\n<meta name=\"twitter:card\" content=\"summary_large_image\" \/>\n<script type=\"application\/ld+json\" class=\"yoast-schema-graph\">{\"@context\":\"https:\/\/schema.org\",\"@graph\":[{\"@type\":\"WebPage\",\"@id\":\"https:\/\/www.buergerbuero-energiewende.de\/?page_id=259\",\"url\":\"https:\/\/www.buergerbuero-energiewende.de\/?page_id=259\",\"name\":\"Ger\u00e4uschentwicklung \u2013 Fragen &amp; Antworten - B\u00fcrgerb\u00fcro Energiewende Altdorf\",\"isPartOf\":{\"@id\":\"https:\/\/www.buergerbuero-energiewende.de\/#website\"},\"datePublished\":\"2024-08-29T07:32:50+00:00\",\"dateModified\":\"2026-03-11T12:39:29+00:00\",\"breadcrumb\":{\"@id\":\"https:\/\/www.buergerbuero-energiewende.de\/?page_id=259#breadcrumb\"},\"inLanguage\":\"de\",\"potentialAction\":[{\"@type\":\"ReadAction\",\"target\":[\"https:\/\/www.buergerbuero-energiewende.de\/?page_id=259\"]}]},{\"@type\":\"BreadcrumbList\",\"@id\":\"https:\/\/www.buergerbuero-energiewende.de\/?page_id=259#breadcrumb\",\"itemListElement\":[{\"@type\":\"ListItem\",\"position\":1,\"name\":\"Startseite\",\"item\":\"https:\/\/www.buergerbuero-energiewende.de\/\"},{\"@type\":\"ListItem\",\"position\":2,\"name\":\"Aktuelles\",\"item\":\"https:\/\/www.buergerbuero-energiewende.de\/?page_id=838\"},{\"@type\":\"ListItem\",\"position\":3,\"name\":\"Ger\u00e4uschentwicklung \u2013 Fragen &amp; Antworten\"}]},{\"@type\":\"WebSite\",\"@id\":\"https:\/\/www.buergerbuero-energiewende.de\/#website\",\"url\":\"https:\/\/www.buergerbuero-energiewende.de\/\",\"name\":\"B\u00fcrgerb\u00fcro Energiewende Altdorf\",\"description\":\"\",\"potentialAction\":[{\"@type\":\"SearchAction\",\"target\":{\"@type\":\"EntryPoint\",\"urlTemplate\":\"https:\/\/www.buergerbuero-energiewende.de\/?s={search_term_string}\"},\"query-input\":{\"@type\":\"PropertyValueSpecification\",\"valueRequired\":true,\"valueName\":\"search_term_string\"}}],\"inLanguage\":\"de\"}]}<\/script>\n<!-- \/ Yoast SEO plugin. -->","yoast_head_json":{"title":"Ger\u00e4uschentwicklung \u2013 Fragen &amp; Antworten - B\u00fcrgerb\u00fcro Energiewende Altdorf","robots":{"index":"index","follow":"follow","max-snippet":"max-snippet:-1","max-image-preview":"max-image-preview:large","max-video-preview":"max-video-preview:-1"},"canonical":"https:\/\/www.buergerbuero-energiewende.de\/?page_id=259","og_locale":"de_DE","og_type":"article","og_title":"Ger\u00e4uschentwicklung \u2013 Fragen &amp; Antworten - B\u00fcrgerb\u00fcro Energiewende Altdorf","og_description":"Technische Hintergr\u00fcnde wie Ger\u00e4uschentwicklung \u2013 Fragen &amp; Antworten &nbsp; Bei Hoch- und H\u00f6chstspannungsfreileitungen kann es an den Leiteroberfl\u00e4chen bei entsprechend hoher elektrischer Randfeldst\u00e4rke zur Ger\u00e4uschentwicklung in Form eines Knisterns durch Korona-Entladungen kommen. Dabei handelt es sich um elektrische Teildurchschl\u00e4ge der Luft, wenn am Leiterseil oder den Armaturen bestimmte Feldst\u00e4rken erreicht oder \u00fcberschritten werden. Dieser Korona-Effekt [&hellip;]","og_url":"https:\/\/www.buergerbuero-energiewende.de\/?page_id=259","og_site_name":"B\u00fcrgerb\u00fcro Energiewende Altdorf","article_modified_time":"2026-03-11T12:39:29+00:00","twitter_card":"summary_large_image","schema":{"@context":"https:\/\/schema.org","@graph":[{"@type":"WebPage","@id":"https:\/\/www.buergerbuero-energiewende.de\/?page_id=259","url":"https:\/\/www.buergerbuero-energiewende.de\/?page_id=259","name":"Ger\u00e4uschentwicklung \u2013 Fragen &amp; Antworten - B\u00fcrgerb\u00fcro Energiewende Altdorf","isPartOf":{"@id":"https:\/\/www.buergerbuero-energiewende.de\/#website"},"datePublished":"2024-08-29T07:32:50+00:00","dateModified":"2026-03-11T12:39:29+00:00","breadcrumb":{"@id":"https:\/\/www.buergerbuero-energiewende.de\/?page_id=259#breadcrumb"},"inLanguage":"de","potentialAction":[{"@type":"ReadAction","target":["https:\/\/www.buergerbuero-energiewende.de\/?page_id=259"]}]},{"@type":"BreadcrumbList","@id":"https:\/\/www.buergerbuero-energiewende.de\/?page_id=259#breadcrumb","itemListElement":[{"@type":"ListItem","position":1,"name":"Startseite","item":"https:\/\/www.buergerbuero-energiewende.de\/"},{"@type":"ListItem","position":2,"name":"Aktuelles","item":"https:\/\/www.buergerbuero-energiewende.de\/?page_id=838"},{"@type":"ListItem","position":3,"name":"Ger\u00e4uschentwicklung \u2013 Fragen &amp; Antworten"}]},{"@type":"WebSite","@id":"https:\/\/www.buergerbuero-energiewende.de\/#website","url":"https:\/\/www.buergerbuero-energiewende.de\/","name":"B\u00fcrgerb\u00fcro Energiewende Altdorf","description":"","potentialAction":[{"@type":"SearchAction","target":{"@type":"EntryPoint","urlTemplate":"https:\/\/www.buergerbuero-energiewende.de\/?s={search_term_string}"},"query-input":{"@type":"PropertyValueSpecification","valueRequired":true,"valueName":"search_term_string"}}],"inLanguage":"de"}]}},"publishpress_future_action":{"enabled":false,"date":"2026-04-24 07:55:41","action":"change-status","newStatus":"draft","terms":[],"taxonomy":"","extraData":[]},"publishpress_future_workflow_manual_trigger":{"enabledWorkflows":[]},"_links":{"self":[{"href":"https:\/\/www.buergerbuero-energiewende.de\/index.php?rest_route=\/wp\/v2\/pages\/259","targetHints":{"allow":["GET"]}}],"collection":[{"href":"https:\/\/www.buergerbuero-energiewende.de\/index.php?rest_route=\/wp\/v2\/pages"}],"about":[{"href":"https:\/\/www.buergerbuero-energiewende.de\/index.php?rest_route=\/wp\/v2\/types\/page"}],"author":[{"embeddable":true,"href":"https:\/\/www.buergerbuero-energiewende.de\/index.php?rest_route=\/wp\/v2\/users\/1"}],"replies":[{"embeddable":true,"href":"https:\/\/www.buergerbuero-energiewende.de\/index.php?rest_route=%2Fwp%2Fv2%2Fcomments&post=259"}],"version-history":[{"count":6,"href":"https:\/\/www.buergerbuero-energiewende.de\/index.php?rest_route=\/wp\/v2\/pages\/259\/revisions"}],"predecessor-version":[{"id":567,"href":"https:\/\/www.buergerbuero-energiewende.de\/index.php?rest_route=\/wp\/v2\/pages\/259\/revisions\/567"}],"up":[{"embeddable":true,"href":"https:\/\/www.buergerbuero-energiewende.de\/index.php?rest_route=\/wp\/v2\/pages\/838"}],"wp:attachment":[{"href":"https:\/\/www.buergerbuero-energiewende.de\/index.php?rest_route=%2Fwp%2Fv2%2Fmedia&parent=259"}],"curies":[{"name":"wp","href":"https:\/\/api.w.org\/{rel}","templated":true}]}}