{"id":244,"date":"2024-08-29T07:12:16","date_gmt":"2024-08-29T07:12:16","guid":{"rendered":"https:\/\/www.buergerbuero-energiewende.de\/?page_id=244"},"modified":"2026-03-11T12:39:03","modified_gmt":"2026-03-11T12:39:03","slug":"freileitung-vs-erdkabel-fragen-antworten","status":"publish","type":"page","link":"https:\/\/www.buergerbuero-energiewende.de\/?page_id=244","title":{"rendered":"Freileitung vs. Erdkabel \u2013 Fragen &amp; Antworten"},"content":{"rendered":"<p>[et_pb_section fb_built=&#8220;1&#8243; _builder_version=&#8220;4.27.0&#8243; _module_preset=&#8220;default&#8220; global_colors_info=&#8220;{}&#8220;][et_pb_row _builder_version=&#8220;4.27.0&#8243; _module_preset=&#8220;default&#8220; width=&#8220;92.1%&#8220; global_colors_info=&#8220;{}&#8220;][et_pb_column type=&#8220;4_4&#8243; _builder_version=&#8220;4.24.2&#8243; _module_preset=&#8220;default&#8220; global_colors_info=&#8220;{}&#8220;][et_pb_text _builder_version=&#8220;4.27.0&#8243; _module_preset=&#8220;default&#8220; text_font_size=&#8220;24px&#8220; text_line_height=&#8220;1.4em&#8220; header_font=&#8220;&#8211;et_global_heading_font|600|||||||&#8220; header_text_color=&#8220;#314C93&#8243; header_font_size=&#8220;38px&#8220; header_line_height=&#8220;1.2em&#8220; background_color=&#8220;RGBA(255,255,255,0)&#8220; width=&#8220;91.4%&#8220; custom_margin=&#8220;|-664px||||&#8220; header_font_size_tablet=&#8220;38px&#8220; header_font_size_phone=&#8220;24px&#8220; header_font_size_last_edited=&#8220;on|phone&#8220; global_colors_info=&#8220;{}&#8220;]<\/p>\n<h1 style=\"text-align: left;\">Freileitung vs. Erdkabel \u2013 Aktueller Planungsstand \u2013 Fragen &amp; Antworten<\/h1>\n<p>&nbsp;<\/p>\n<p>[\/et_pb_text][et_pb_accordion open_toggle_text_color=&#8220;#3550a0&#8243; open_toggle_background_color=&#8220;#f0f2f6&#8243; closed_toggle_text_color=&#8220;#3550a0&#8243; closed_toggle_background_color=&#8220;#f0f2f6&#8243; icon_color=&#8220;#3550a0&#8243; _builder_version=&#8220;4.27.0&#8243; toggle_font=&#8220;&#8211;et_global_heading_font||||||||&#8220; toggle_font_size=&#8220;22px&#8220; toggle_line_height=&#8220;1.5em&#8220; body_font=&#8220;||||||||&#8220; body_font_size=&#8220;16px&#8220; body_line_height=&#8220;1.9em&#8220; custom_margin=&#8220;|||&#8220; custom_padding=&#8220;|||&#8220; border_width_all=&#8220;0px&#8220; global_colors_info=&#8220;{}&#8220;][et_pb_accordion_item title=&#8220;Was spricht f\u00fcr eine Freileitung?&#8220; open=&#8220;off&#8220; _builder_version=&#8220;4.27.0&#8243; custom_margin=&#8220;10px||10px||true&#8220; custom_padding=&#8220;30px||30px||true&#8220; global_colors_info=&#8220;{}&#8220;]<\/p>\n<div class=\"ewa-rteLine\">\n<div class=\"ewa-rteLine\">Eine Freileitung ist in diesem Bereich technisch deutlich einfacher umzusetzen. Die Bodenbeschaffenheit l\u00e4sst eine Standardverlegung eines Erdkabels nicht zu. Die \u00f6rtlichen Voraussetzungen, bspw. bei Querung der Autobahn, der Ludersheimer Stra\u00dfe oder der Staatstra\u00dfe 2239, f\u00fchren dazu, dass die Kabelstr\u00e4nge an vier Engstellen tiefer als gew\u00f6hnlich (ca. 14 m) und aufgrund der geringen W\u00e4rmeleitf\u00e4higkeit des Bodens in dieser Tiefe weiter auseinander (ca. 100 m) gelegt werden m\u00fcssten. Die Platzierung der notwendigen Kabelmuffen (Verbindungsmuffen zwischen den Erdkabelabschnitten) ist dadurch r\u00e4umlich deutlich schwerer zu realisieren. Dar\u00fcber hinaus w\u00e4re die Umverlegung bestehender Infrastruktur wie Mittelspannungsfreileitungen oder der Wasserversorgungsleitung n\u00f6tig, was technisch einen gro\u00dfen zus\u00e4tzlichen Aufwand bedeuten w\u00fcrde.<\/div>\n<div class=\"ewa-rteLine\"><\/div>\n<div class=\"ewa-rteLine\">Zum Anschluss an den weiteren Freileitungsverlauf w\u00e4re eine Kabel\u00fcbergangsanlage mit einer Fl\u00e4che von ca. 1,2 ha n\u00f6tig, die bei einer durchg\u00e4ngigen Freileitung entf\u00e4llt.<\/div>\n<div class=\"ewa-rteLine\">In der Summe w\u00e4ren die baulichen Eingriffe deutlich umfangreicher als beim Bau einer Freileitung. Durch die geringeren Eingriffe in die Natur beim Bau einer Freileitung werden Pflanzen und Tiere deutlich weniger beeintr\u00e4chtigt. Die Kosten einer Freileitung liegen aufgrund des zu erwartenden Aufwands bei einer Erdverkabelung deutlich niedriger.<\/div>\n<div class=\"ewa-rteLine\"><\/div>\n<p>&nbsp;<\/p>\n<div class=\"ewa-rteLine\"><img loading=\"lazy\" decoding=\"async\" src=\"https:\/\/www.buergerbuero-energiewende.de\/wp-content\/uploads\/2024\/08\/A070-Was-spricht-fuer-eine-Freileitung-1024x683.jpg\" width=\"563\" height=\"375\" alt=\"\" class=\"wp-image-247 alignnone size-large\" \/><\/div>\n<\/div>\n<p>[\/et_pb_accordion_item][et_pb_accordion_item title=&#8220;Wie breit ist die Trasse bei einer Freileitung?&#8220; _builder_version=&#8220;4.27.0&#8243; custom_margin=&#8220;10px||10px||true&#8220; custom_padding=&#8220;30px||30px||true&#8220; global_colors_info=&#8220;{}&#8220; open=&#8220;off&#8220;]<\/p>\n<div class=\"ewa-rteLine\">Im Regelfall wird in Abh\u00e4ngigkeit der Mastform eine Trassenbreite von ca. 25 bis 30 Meter zugrunde gelegt. Hinzu kommt ein Schutzstreifen, der f\u00fcr den Bau und Betrieb der Leitung erforderlich ist. Dieser betr\u00e4gt beiderseits der Leitungsachse jeweils bis zu ca. 35 Meter.\u00a0<\/p>\n<p>&nbsp;<\/p>\n<\/div>\n<p><img loading=\"lazy\" decoding=\"async\" src=\"https:\/\/www.buergerbuero-energiewende.de\/wp-content\/uploads\/2024\/08\/A070-Wie-breit-ist-die-Trasse-bei-einer-Freileitung-1024x588.jpg\" width=\"566\" height=\"325\" alt=\"\" class=\"wp-image-249 alignnone size-large\" \/><\/p>\n<p>[\/et_pb_accordion_item][et_pb_accordion_item title=&#8220;Wie gro\u00df sind die Mastfundamente und wie hoch die Masten?&#8220; _builder_version=&#8220;4.27.0&#8243; custom_margin=&#8220;10px||10px||true&#8220; custom_padding=&#8220;30px||30px||true&#8220; global_colors_info=&#8220;{}&#8220; open=&#8220;on&#8220;]<\/p>\n<div class=\"ewa-rteLine\">Je nach Standort k\u00f6nnen die Masth\u00f6hen zwischen ca. 47 m und 90 m erreichen. Entsprechend k\u00f6nnen die Fundamente eine Gr\u00f6\u00dfe zwischen ca. 17 \u2013 25 m im Quadrat haben. Die Eigent\u00fcmer der Fl\u00e4chen werden im Rahmen ihrer Betroffenheit entsch\u00e4digt.<\/div>\n<p>[\/et_pb_accordion_item][\/et_pb_accordion][\/et_pb_column][\/et_pb_row][\/et_pb_section][et_pb_section fb_built=&#8220;1&#8243; _builder_version=&#8220;4.27.0&#8243; _module_preset=&#8220;default&#8220; global_colors_info=&#8220;{}&#8220;][\/et_pb_section]<\/p>\n","protected":false},"excerpt":{"rendered":"<p>Freileitung vs. Erdkabel \u2013 Aktueller Planungsstand \u2013 Fragen &amp; Antworten &nbsp; Eine Freileitung ist in diesem Bereich technisch deutlich einfacher umzusetzen. Die Bodenbeschaffenheit l\u00e4sst eine Standardverlegung eines Erdkabels nicht zu. Die \u00f6rtlichen Voraussetzungen, bspw. bei Querung der Autobahn, der Ludersheimer Stra\u00dfe oder der Staatstra\u00dfe 2239, f\u00fchren dazu, dass die Kabelstr\u00e4nge an vier Engstellen tiefer als [&hellip;]<\/p>\n","protected":false},"author":1,"featured_media":0,"parent":882,"menu_order":0,"comment_status":"closed","ping_status":"closed","template":"","meta":{"_et_pb_use_builder":"on","_et_pb_old_content":"","_et_gb_content_width":"","footnotes":""},"class_list":["post-244","page","type-page","status-publish","hentry"],"yoast_head":"<!-- This site is optimized with the Yoast SEO plugin v27.0 - https:\/\/yoast.com\/product\/yoast-seo-wordpress\/ -->\n<title>Freileitung vs. Erdkabel \u2013 Fragen &amp; Antworten - B\u00fcrgerb\u00fcro Energiewende Altdorf<\/title>\n<meta name=\"robots\" content=\"index, follow, max-snippet:-1, max-image-preview:large, max-video-preview:-1\" \/>\n<link rel=\"canonical\" href=\"https:\/\/www.buergerbuero-energiewende.de\/?page_id=244\" \/>\n<meta property=\"og:locale\" content=\"de_DE\" \/>\n<meta property=\"og:type\" content=\"article\" \/>\n<meta property=\"og:title\" content=\"Freileitung vs. Erdkabel \u2013 Fragen &amp; Antworten - B\u00fcrgerb\u00fcro Energiewende Altdorf\" \/>\n<meta property=\"og:description\" content=\"Freileitung vs. Erdkabel \u2013 Aktueller Planungsstand \u2013 Fragen &amp; Antworten &nbsp; Eine Freileitung ist in diesem Bereich technisch deutlich einfacher umzusetzen. Die Bodenbeschaffenheit l\u00e4sst eine Standardverlegung eines Erdkabels nicht zu. Die \u00f6rtlichen Voraussetzungen, bspw. bei Querung der Autobahn, der Ludersheimer Stra\u00dfe oder der Staatstra\u00dfe 2239, f\u00fchren dazu, dass die Kabelstr\u00e4nge an vier Engstellen tiefer als [&hellip;]\" \/>\n<meta property=\"og:url\" content=\"https:\/\/www.buergerbuero-energiewende.de\/?page_id=244\" \/>\n<meta property=\"og:site_name\" content=\"B\u00fcrgerb\u00fcro Energiewende Altdorf\" \/>\n<meta property=\"article:modified_time\" content=\"2026-03-11T12:39:03+00:00\" \/>\n<meta property=\"og:image\" content=\"https:\/\/www.buergerbuero-energiewende.de\/wp-content\/uploads\/2024\/08\/A070-Was-spricht-fuer-eine-Freileitung.jpg\" \/>\n\t<meta property=\"og:image:width\" content=\"2048\" \/>\n\t<meta property=\"og:image:height\" content=\"1366\" \/>\n\t<meta property=\"og:image:type\" content=\"image\/jpeg\" \/>\n<meta name=\"twitter:card\" content=\"summary_large_image\" \/>\n<script type=\"application\/ld+json\" class=\"yoast-schema-graph\">{\"@context\":\"https:\/\/schema.org\",\"@graph\":[{\"@type\":\"WebPage\",\"@id\":\"https:\/\/www.buergerbuero-energiewende.de\/?page_id=244\",\"url\":\"https:\/\/www.buergerbuero-energiewende.de\/?page_id=244\",\"name\":\"Freileitung vs. Erdkabel \u2013 Fragen &amp; Antworten - B\u00fcrgerb\u00fcro Energiewende Altdorf\",\"isPartOf\":{\"@id\":\"https:\/\/www.buergerbuero-energiewende.de\/#website\"},\"primaryImageOfPage\":{\"@id\":\"https:\/\/www.buergerbuero-energiewende.de\/?page_id=244#primaryimage\"},\"image\":{\"@id\":\"https:\/\/www.buergerbuero-energiewende.de\/?page_id=244#primaryimage\"},\"thumbnailUrl\":\"https:\/\/www.buergerbuero-energiewende.de\/wp-content\/uploads\/2024\/08\/A070-Was-spricht-fuer-eine-Freileitung-1024x683.jpg\",\"datePublished\":\"2024-08-29T07:12:16+00:00\",\"dateModified\":\"2026-03-11T12:39:03+00:00\",\"breadcrumb\":{\"@id\":\"https:\/\/www.buergerbuero-energiewende.de\/?page_id=244#breadcrumb\"},\"inLanguage\":\"de\",\"potentialAction\":[{\"@type\":\"ReadAction\",\"target\":[\"https:\/\/www.buergerbuero-energiewende.de\/?page_id=244\"]}]},{\"@type\":\"ImageObject\",\"inLanguage\":\"de\",\"@id\":\"https:\/\/www.buergerbuero-energiewende.de\/?page_id=244#primaryimage\",\"url\":\"https:\/\/www.buergerbuero-energiewende.de\/wp-content\/uploads\/2024\/08\/A070-Was-spricht-fuer-eine-Freileitung.jpg\",\"contentUrl\":\"https:\/\/www.buergerbuero-energiewende.de\/wp-content\/uploads\/2024\/08\/A070-Was-spricht-fuer-eine-Freileitung.jpg\",\"width\":2048,\"height\":1366},{\"@type\":\"BreadcrumbList\",\"@id\":\"https:\/\/www.buergerbuero-energiewende.de\/?page_id=244#breadcrumb\",\"itemListElement\":[{\"@type\":\"ListItem\",\"position\":1,\"name\":\"Startseite\",\"item\":\"https:\/\/www.buergerbuero-energiewende.de\/\"},{\"@type\":\"ListItem\",\"position\":2,\"name\":\"FAQ\",\"item\":\"https:\/\/www.buergerbuero-energiewende.de\/?page_id=882\"},{\"@type\":\"ListItem\",\"position\":3,\"name\":\"Freileitung vs. Erdkabel \u2013 Fragen &amp; Antworten\"}]},{\"@type\":\"WebSite\",\"@id\":\"https:\/\/www.buergerbuero-energiewende.de\/#website\",\"url\":\"https:\/\/www.buergerbuero-energiewende.de\/\",\"name\":\"B\u00fcrgerb\u00fcro Energiewende Altdorf\",\"description\":\"\",\"potentialAction\":[{\"@type\":\"SearchAction\",\"target\":{\"@type\":\"EntryPoint\",\"urlTemplate\":\"https:\/\/www.buergerbuero-energiewende.de\/?s={search_term_string}\"},\"query-input\":{\"@type\":\"PropertyValueSpecification\",\"valueRequired\":true,\"valueName\":\"search_term_string\"}}],\"inLanguage\":\"de\"}]}<\/script>\n<!-- \/ Yoast SEO plugin. -->","yoast_head_json":{"title":"Freileitung vs. Erdkabel \u2013 Fragen &amp; Antworten - B\u00fcrgerb\u00fcro Energiewende Altdorf","robots":{"index":"index","follow":"follow","max-snippet":"max-snippet:-1","max-image-preview":"max-image-preview:large","max-video-preview":"max-video-preview:-1"},"canonical":"https:\/\/www.buergerbuero-energiewende.de\/?page_id=244","og_locale":"de_DE","og_type":"article","og_title":"Freileitung vs. Erdkabel \u2013 Fragen &amp; Antworten - B\u00fcrgerb\u00fcro Energiewende Altdorf","og_description":"Freileitung vs. Erdkabel \u2013 Aktueller Planungsstand \u2013 Fragen &amp; Antworten &nbsp; Eine Freileitung ist in diesem Bereich technisch deutlich einfacher umzusetzen. Die Bodenbeschaffenheit l\u00e4sst eine Standardverlegung eines Erdkabels nicht zu. Die \u00f6rtlichen Voraussetzungen, bspw. bei Querung der Autobahn, der Ludersheimer Stra\u00dfe oder der Staatstra\u00dfe 2239, f\u00fchren dazu, dass die Kabelstr\u00e4nge an vier Engstellen tiefer als [&hellip;]","og_url":"https:\/\/www.buergerbuero-energiewende.de\/?page_id=244","og_site_name":"B\u00fcrgerb\u00fcro Energiewende Altdorf","article_modified_time":"2026-03-11T12:39:03+00:00","og_image":[{"width":2048,"height":1366,"url":"https:\/\/www.buergerbuero-energiewende.de\/wp-content\/uploads\/2024\/08\/A070-Was-spricht-fuer-eine-Freileitung.jpg","type":"image\/jpeg"}],"twitter_card":"summary_large_image","schema":{"@context":"https:\/\/schema.org","@graph":[{"@type":"WebPage","@id":"https:\/\/www.buergerbuero-energiewende.de\/?page_id=244","url":"https:\/\/www.buergerbuero-energiewende.de\/?page_id=244","name":"Freileitung vs. Erdkabel \u2013 Fragen &amp; Antworten - B\u00fcrgerb\u00fcro Energiewende Altdorf","isPartOf":{"@id":"https:\/\/www.buergerbuero-energiewende.de\/#website"},"primaryImageOfPage":{"@id":"https:\/\/www.buergerbuero-energiewende.de\/?page_id=244#primaryimage"},"image":{"@id":"https:\/\/www.buergerbuero-energiewende.de\/?page_id=244#primaryimage"},"thumbnailUrl":"https:\/\/www.buergerbuero-energiewende.de\/wp-content\/uploads\/2024\/08\/A070-Was-spricht-fuer-eine-Freileitung-1024x683.jpg","datePublished":"2024-08-29T07:12:16+00:00","dateModified":"2026-03-11T12:39:03+00:00","breadcrumb":{"@id":"https:\/\/www.buergerbuero-energiewende.de\/?page_id=244#breadcrumb"},"inLanguage":"de","potentialAction":[{"@type":"ReadAction","target":["https:\/\/www.buergerbuero-energiewende.de\/?page_id=244"]}]},{"@type":"ImageObject","inLanguage":"de","@id":"https:\/\/www.buergerbuero-energiewende.de\/?page_id=244#primaryimage","url":"https:\/\/www.buergerbuero-energiewende.de\/wp-content\/uploads\/2024\/08\/A070-Was-spricht-fuer-eine-Freileitung.jpg","contentUrl":"https:\/\/www.buergerbuero-energiewende.de\/wp-content\/uploads\/2024\/08\/A070-Was-spricht-fuer-eine-Freileitung.jpg","width":2048,"height":1366},{"@type":"BreadcrumbList","@id":"https:\/\/www.buergerbuero-energiewende.de\/?page_id=244#breadcrumb","itemListElement":[{"@type":"ListItem","position":1,"name":"Startseite","item":"https:\/\/www.buergerbuero-energiewende.de\/"},{"@type":"ListItem","position":2,"name":"FAQ","item":"https:\/\/www.buergerbuero-energiewende.de\/?page_id=882"},{"@type":"ListItem","position":3,"name":"Freileitung vs. Erdkabel \u2013 Fragen &amp; Antworten"}]},{"@type":"WebSite","@id":"https:\/\/www.buergerbuero-energiewende.de\/#website","url":"https:\/\/www.buergerbuero-energiewende.de\/","name":"B\u00fcrgerb\u00fcro Energiewende Altdorf","description":"","potentialAction":[{"@type":"SearchAction","target":{"@type":"EntryPoint","urlTemplate":"https:\/\/www.buergerbuero-energiewende.de\/?s={search_term_string}"},"query-input":{"@type":"PropertyValueSpecification","valueRequired":true,"valueName":"search_term_string"}}],"inLanguage":"de"}]}},"publishpress_future_action":{"enabled":false,"date":"2026-04-24 07:52:01","action":"change-status","newStatus":"draft","terms":[],"taxonomy":"","extraData":[]},"publishpress_future_workflow_manual_trigger":{"enabledWorkflows":[]},"_links":{"self":[{"href":"https:\/\/www.buergerbuero-energiewende.de\/index.php?rest_route=\/wp\/v2\/pages\/244","targetHints":{"allow":["GET"]}}],"collection":[{"href":"https:\/\/www.buergerbuero-energiewende.de\/index.php?rest_route=\/wp\/v2\/pages"}],"about":[{"href":"https:\/\/www.buergerbuero-energiewende.de\/index.php?rest_route=\/wp\/v2\/types\/page"}],"author":[{"embeddable":true,"href":"https:\/\/www.buergerbuero-energiewende.de\/index.php?rest_route=\/wp\/v2\/users\/1"}],"replies":[{"embeddable":true,"href":"https:\/\/www.buergerbuero-energiewende.de\/index.php?rest_route=%2Fwp%2Fv2%2Fcomments&post=244"}],"version-history":[{"count":5,"href":"https:\/\/www.buergerbuero-energiewende.de\/index.php?rest_route=\/wp\/v2\/pages\/244\/revisions"}],"predecessor-version":[{"id":733,"href":"https:\/\/www.buergerbuero-energiewende.de\/index.php?rest_route=\/wp\/v2\/pages\/244\/revisions\/733"}],"up":[{"embeddable":true,"href":"https:\/\/www.buergerbuero-energiewende.de\/index.php?rest_route=\/wp\/v2\/pages\/882"}],"wp:attachment":[{"href":"https:\/\/www.buergerbuero-energiewende.de\/index.php?rest_route=%2Fwp%2Fv2%2Fmedia&parent=244"}],"curies":[{"name":"wp","href":"https:\/\/api.w.org\/{rel}","templated":true}]}}