{"id":163,"date":"2024-08-26T11:45:12","date_gmt":"2024-08-26T11:45:12","guid":{"rendered":"https:\/\/www.buergerbuero-energiewende.de\/?page_id=163"},"modified":"2026-03-11T12:38:28","modified_gmt":"2026-03-11T12:38:28","slug":"interaktive-ausstellung-entwicklung-der-juraleitung-a-ost","status":"publish","type":"page","link":"https:\/\/www.buergerbuero-energiewende.de\/?page_id=163","title":{"rendered":"Interaktive Ausstellung \u2013 Entwicklung der Juraleitung A-Ost"},"content":{"rendered":"<p>[et_pb_section fb_built=&#8220;1&#8243; _builder_version=&#8220;4.27.0&#8243; _module_preset=&#8220;default&#8220; width=&#8220;100%&#8220; custom_margin_tablet=&#8220;&#8220; custom_margin_phone=&#8220;|20px|||false|false&#8220; custom_margin_last_edited=&#8220;on|phone&#8220; custom_padding=&#8220;||73px|||&#8220; global_colors_info=&#8220;{}&#8220;][et_pb_row _builder_version=&#8220;4.27.0&#8243; _module_preset=&#8220;default&#8220; width=&#8220;92%&#8220; custom_margin=&#8220;0px|auto|0px|auto|false|false&#8220; custom_margin_tablet=&#8220;&#8220; custom_margin_phone=&#8220;|20px||32px|false|false&#8220; custom_margin_last_edited=&#8220;on|phone&#8220; custom_padding=&#8220;0px||0px||false|false&#8220; global_colors_info=&#8220;{}&#8220;][et_pb_column type=&#8220;4_4&#8243; _builder_version=&#8220;4.27.0&#8243; _module_preset=&#8220;default&#8220; global_colors_info=&#8220;{}&#8220;][et_pb_text _builder_version=&#8220;4.27.0&#8243; _module_preset=&#8220;default&#8220; text_font_size=&#8220;24px&#8220; text_line_height=&#8220;1.4em&#8220; header_font=&#8220;&#8211;et_global_heading_font|600|||||||&#8220; header_text_color=&#8220;#314C93&#8243; header_font_size=&#8220;38px&#8220; header_line_height=&#8220;1.2em&#8220; background_color=&#8220;RGBA(255,255,255,0)&#8220; width=&#8220;100%&#8220; custom_margin=&#8220;0px|60px|12px||false|false&#8220; custom_padding=&#8220;0px||0px||false|false&#8220; header_font_size_tablet=&#8220;38px&#8220; header_font_size_phone=&#8220;24px&#8220; header_font_size_last_edited=&#8220;on|phone&#8220; global_colors_info=&#8220;{}&#8220;]<\/p>\n<h1 style=\"text-align: left;\">R\u00fcckblick auf die interaktive Ausstellung \u201cEnergiefluss\u201d<br \/>im TenneT-B\u00fcrgerb\u00fcro Energiewende Altdorf<\/h1>\n<p>[\/et_pb_text][\/et_pb_column][\/et_pb_row][et_pb_row _builder_version=&#8220;4.27.0&#8243; _module_preset=&#8220;default&#8220; custom_margin=&#8220;-32px|auto||auto||&#8220; global_colors_info=&#8220;{}&#8220;][et_pb_column type=&#8220;4_4&#8243; _builder_version=&#8220;4.27.0&#8243; _module_preset=&#8220;default&#8220; global_colors_info=&#8220;{}&#8220;][et_pb_text _builder_version=&#8220;4.27.0&#8243; _module_preset=&#8220;default&#8220; text_text_color=&#8220;#7FA2C4&#8243; text_font_size=&#8220;18px&#8220; min_height=&#8220;40.8px&#8220; custom_margin=&#8220;0px||12px||false|false&#8220; custom_padding=&#8220;0px||0px||false|false&#8220; text_font_size_tablet=&#8220;18px&#8220; text_font_size_phone=&#8220;14px&#8220; text_font_size_last_edited=&#8220;on|phone&#8220; global_colors_info=&#8220;{}&#8220;]<\/p>\n<p><strong>Regionale Energiegeschichte trifft auf k\u00fcnstlerische Zukunftsvisionen<\/strong><\/p>\n<p>[\/et_pb_text][\/et_pb_column][\/et_pb_row][et_pb_row column_structure=&#8220;2_5,3_5&#8243; _builder_version=&#8220;4.27.0&#8243; _module_preset=&#8220;default&#8220; min_height=&#8220;314.6px&#8220; custom_margin=&#8220;0px|auto|0px|auto|false|false&#8220; custom_padding=&#8220;0px||0px||false|false&#8220; global_colors_info=&#8220;{}&#8220;][et_pb_column type=&#8220;2_5&#8243; _builder_version=&#8220;4.27.0&#8243; _module_preset=&#8220;default&#8220; global_colors_info=&#8220;{}&#8220;][et_pb_blurb image=&#8220;https:\/\/www.buergerbuero-energiewende.de\/wp-content\/uploads\/2024\/12\/Altdorf_Z083202-scaled.jpg&#8220; _builder_version=&#8220;4.27.0&#8243; _module_preset=&#8220;default&#8220; image_icon_custom_margin=&#8220;||-27px||false|false&#8220; custom_margin=&#8220;0px||0px||false|false&#8220; custom_padding=&#8220;0px||0px||false|false&#8220; global_colors_info=&#8220;{}&#8220;]<\/p>\n<p>Bild: Wolfgang Geyer im Auftrag von TenneT<\/p>\n<p>[\/et_pb_blurb][\/et_pb_column][et_pb_column type=&#8220;3_5&#8243; _builder_version=&#8220;4.27.0&#8243; _module_preset=&#8220;default&#8220; global_colors_info=&#8220;{}&#8220;][et_pb_text _builder_version=&#8220;4.27.0&#8243; _module_preset=&#8220;default&#8220; text_font_size=&#8220;18px&#8220; width=&#8220;97.2%&#8220; custom_margin=&#8220;||55px|||&#8220; custom_padding=&#8220;||0px|||&#8220; text_font_size_tablet=&#8220;18px&#8220; text_font_size_phone=&#8220;14px&#8220; text_font_size_last_edited=&#8220;on|phone&#8220; global_colors_info=&#8220;{}&#8220;]<\/p>\n<p><strong>Vom 11. bis zum 15. November 2024 fand im B\u00fcrgerb\u00fcro Energiewende in Altdorf eine interaktive Ausstellung statt. Im Zentrum stand die Geschichte der vor \u00fcber 70 Jahren gebauten Stromtrasse \u201cReichssammelschiene\u201d. Die Besucher erwartete eine k\u00fcnstlerische Zeitreise durch Geschichte, Gegenwart und Zukunft der Juraleitung und dem Energiefluss in der Region.<\/strong><\/p>\n<p><span data-contrast=\"auto\">Die Ausstellung beleuchtete sowohl technische als auch gesellschaftliche Aspekte des Leitungsausbaus und lud die Besucher dazu ein, die Herausforderungen und Perspektiven der Energiewende mitzuerleben. Mit informativen Schautafeln und interaktiven Elementen wurden die unterschiedlichen Stimmen und Meinungen aus der Region und dar\u00fcber hinaus aufgenommen und diskutiert.<\/span><span data-ccp-props=\"{}\">\u00a0<\/span><\/p>\n<p>[\/et_pb_text][\/et_pb_column][\/et_pb_row][et_pb_row _builder_version=&#8220;4.27.0&#8243; _module_preset=&#8220;default&#8220; global_colors_info=&#8220;{}&#8220;][et_pb_column type=&#8220;4_4&#8243; _builder_version=&#8220;4.27.0&#8243; _module_preset=&#8220;default&#8220; global_colors_info=&#8220;{}&#8220;][et_pb_text _builder_version=&#8220;4.27.0&#8243; _module_preset=&#8220;default&#8220; text_font_size=&#8220;18px&#8220; header_text_color=&#8220;#3550a0&#8243; header_font_size=&#8220;28px&#8220; width=&#8220;97.2%&#8220; custom_margin=&#8220;-31px||29px|||&#8220; custom_padding=&#8220;||0px|||&#8220; text_font_size_tablet=&#8220;18px&#8220; text_font_size_phone=&#8220;14px&#8220; text_font_size_last_edited=&#8220;on|phone&#8220; global_colors_info=&#8220;{}&#8220;]<\/p>\n<h1>Die Juraleitung im Fokus: Vergangenheit, Gegenwart und Zukunft<\/h1>\n<p><span data-contrast=\"auto\">\u00dcber f\u00fcnf Tage hinweg hatten Besucher die Gelegenheit, die Geschichte der Juraleitung zu erleben und mehr \u00fcber ihre bisherige sowie zuk\u00fcnftige Rolle im regionalen Stromnetz zu erfahren. Historische Fotografien und Karten zeigten, wie sich das Umfeld der Leitung im Laufe der vergangenen 70 Jahre ver\u00e4ndert hat. Eine besondere Bedeutung kam dabei dem Verlauf der urspr\u00fcnglichen und noch heutigen Trasse zu, die zu Beginn gr\u00f6\u00dftenteils au\u00dferhalb der Wohnbebauung verlief. Erst in den folgenden Jahrzehnten wuchsen die Siedlungen n\u00e4her an die bestehende Infrastruktur heran. Auch das 1938 errichtete Umspannwerk in Ludersheim entstand entfernt von der Wohnbebauung hinter der alten Dampfziegelei Spangenberg. Zum Ende des vergangenen Jahrhunderts siedelten sich weitere Betriebe im Umfeld an.<\/span><span data-ccp-props=\"{}\">\u00a0<\/span><\/p>\n<p>[\/et_pb_text][\/et_pb_column][\/et_pb_row][et_pb_row column_structure=&#8220;1_2,1_2&#8243; _builder_version=&#8220;4.27.0&#8243; _module_preset=&#8220;default&#8220; custom_padding=&#8220;||0px|||&#8220; global_colors_info=&#8220;{}&#8220;][et_pb_column type=&#8220;1_2&#8243; _builder_version=&#8220;4.27.0&#8243; _module_preset=&#8220;default&#8220; global_colors_info=&#8220;{}&#8220;][et_pb_image src=&#8220;https:\/\/www.buergerbuero-energiewende.de\/wp-content\/uploads\/2024\/12\/Altdorf_Z083251.jpg&#8220; title_text=&#8220;Altdorf_Z083251&#8243; _builder_version=&#8220;4.27.0&#8243; _module_preset=&#8220;default&#8220; custom_margin=&#8220;||37px|||&#8220; global_colors_info=&#8220;{}&#8220;][\/et_pb_image][\/et_pb_column][et_pb_column type=&#8220;1_2&#8243; _builder_version=&#8220;4.27.0&#8243; _module_preset=&#8220;default&#8220; global_colors_info=&#8220;{}&#8220;][et_pb_blurb image=&#8220;https:\/\/www.buergerbuero-energiewende.de\/wp-content\/uploads\/2024\/12\/Altdorf_Z083286-v3.jpg&#8220; _builder_version=&#8220;4.27.0&#8243; _module_preset=&#8220;default&#8220; image_icon_custom_margin=&#8220;||-103px||false|false&#8220; global_colors_info=&#8220;{}&#8220;]<\/p>\n<p>Bilder: Wolfgang Geyer im Auftrag von TenneT<\/p>\n<p>[\/et_pb_blurb][\/et_pb_column][\/et_pb_row][et_pb_row _builder_version=&#8220;4.27.0&#8243; _module_preset=&#8220;default&#8220; custom_margin=&#8220;-38px|auto|26px|auto||&#8220; global_colors_info=&#8220;{}&#8220;][et_pb_column type=&#8220;4_4&#8243; _builder_version=&#8220;4.27.0&#8243; _module_preset=&#8220;default&#8220; global_colors_info=&#8220;{}&#8220;][et_pb_text _builder_version=&#8220;4.27.0&#8243; _module_preset=&#8220;default&#8220; text_font_size=&#8220;18px&#8220; header_text_color=&#8220;#3550a0&#8243; header_font_size=&#8220;28px&#8220; width=&#8220;97.2%&#8220; custom_margin=&#8220;1px|||||&#8220; custom_padding=&#8220;||0px|||&#8220; text_font_size_tablet=&#8220;18px&#8220; text_font_size_phone=&#8220;14px&#8220; text_font_size_last_edited=&#8220;on|phone&#8220; global_colors_info=&#8220;{}&#8220;]<\/p>\n<h1>Kunst als Br\u00fccke zur Energiezukunft<\/h1>\n<p><span data-contrast=\"auto\"><\/span>Ein Highlight der Ausstellung war die k\u00fcnstlerische Auseinandersetzung mit dem Thema \u201eEnergiefluss\u201c durch den N\u00fcrnberger K\u00fcnstler Felix Pensel, der bereits die Gestaltung des B\u00fcrgerb\u00fcros im Fr\u00fchjahr 2022 gepr\u00e4gt hat. Er pr\u00e4sentierte KI-gest\u00fctzte Modell- und Videoinstallationen, die Besuchern die M\u00f6glichkeit boten, einen neuen Blick auf die Dynamik des Stroms zu werfen. Das Video \u201cIch, der Strom\u201d kann hier angesehen werden:<\/p>\n<p>[\/et_pb_text][et_pb_video src=&#8220;https:\/\/youtu.be\/GSfBfG5ZDYE&#8220; _builder_version=&#8220;4.27.0&#8243; _module_preset=&#8220;default&#8220; global_colors_info=&#8220;{}&#8220;][\/et_pb_video][\/et_pb_column][\/et_pb_row][et_pb_row column_structure=&#8220;2_5,3_5&#8243; _builder_version=&#8220;4.27.0&#8243; _module_preset=&#8220;default&#8220; custom_margin=&#8220;|auto|-11px|auto||&#8220; custom_padding=&#8220;||41px|||&#8220; global_colors_info=&#8220;{}&#8220;][et_pb_column type=&#8220;2_5&#8243; _builder_version=&#8220;4.27.0&#8243; _module_preset=&#8220;default&#8220; global_colors_info=&#8220;{}&#8220;][et_pb_image src=&#8220;https:\/\/www.buergerbuero-energiewende.de\/wp-content\/uploads\/2024\/12\/Image-3-scaled.jpg&#8220; title_text=&#8220;Image (3)&#8220; _builder_version=&#8220;4.27.0&#8243; _module_preset=&#8220;default&#8220; global_colors_info=&#8220;{}&#8220;][\/et_pb_image][et_pb_blurb image=&#8220;https:\/\/www.buergerbuero-energiewende.de\/wp-content\/uploads\/2024\/12\/Altdorf_Z083234-scaled.jpg&#8220; _builder_version=&#8220;4.27.0&#8243; _module_preset=&#8220;default&#8220; image_icon_custom_margin=&#8220;||-153px||false|false&#8220; global_colors_info=&#8220;{}&#8220;]<\/p>\n<p>Bilder: Wolfgang Geyer im Auftrag von TenneT<\/p>\n<p>[\/et_pb_blurb][\/et_pb_column][et_pb_column type=&#8220;3_5&#8243; _builder_version=&#8220;4.27.0&#8243; _module_preset=&#8220;default&#8220; global_colors_info=&#8220;{}&#8220;][et_pb_text _builder_version=&#8220;4.27.0&#8243; _module_preset=&#8220;default&#8220; text_font_size=&#8220;18px&#8220; header_text_color=&#8220;#3550a0&#8243; header_font_size=&#8220;28px&#8220; width=&#8220;97.2%&#8220; custom_margin=&#8220;1px|||||&#8220; custom_padding=&#8220;||0px|||&#8220; text_font_size_tablet=&#8220;18px&#8220; text_font_size_phone=&#8220;14px&#8220; text_font_size_last_edited=&#8220;on|phone&#8220; global_colors_info=&#8220;{}&#8220;]<\/p>\n<h1>Positive Resonanz und lebendige Diskussionen<\/h1>\n<p>Die Ausstellung stie\u00df auf reges Interesse. Zahlreiche Besucher nutzten die Gelegenheit, sich umfassend zu informieren. Die \u00fcberwiegende Mehrheit der Teilnehmer stand den Themen rund um die gemeinsam zu meisternde Energiewende und somit auch der Ert\u00fcchtigung der Juraleitung positiv gegen\u00fcber. Die Altersspanne der G\u00e4ste reichte von jungen Erwachsenen Mitte 20 bis hin zu Zeitzeugen jenseits der 80. Besonders das lokale Interesse an der Geschichte der Juraleitung war gro\u00df: Die meisten Besucher kamen direkt aus Altdorf und Winkelhaid, aber auch B\u00fcrger aus den umliegenden Gemeinden Burgthann und Moosbach sowie dem Markt Feucht und N\u00fcrnberg nutzten die Gelegenheit, sich umfassend \u00fcber das Thema und die Entwicklung der Trasse zu informieren. Auch Vertreter regionaler B\u00fcrgerinitiativen besuchten die Ausstellung.<\/p>\n<p>Besucherkommentare zur Ausstellung unterstrichen das breite Interesse und die positiven Eindr\u00fccke. Eine Winkelhaiderin erz\u00e4hlte, sie sei fasziniert von den Karten zur Entwicklung der Wohnbebauung rund um die alte Bestandstrasse: \u201eMir war gar nicht bewusst, dass sich die Bebauung erst nachtr\u00e4glich an die Trasse angen\u00e4hert hat.\u201c Ein weiterer Besucher lobte das Konzept der Ausstellung: \u201eEs ist sch\u00f6n, dass es eine Anlaufstelle gibt, um sich \u00fcber die Historie und auch den k\u00fcnftigen Verlauf der Trasse zu informieren.\u201c<\/p>\n<p>[\/et_pb_text][\/et_pb_column][\/et_pb_row][et_pb_row _builder_version=&#8220;4.27.0&#8243; _module_preset=&#8220;default&#8220; global_colors_info=&#8220;{}&#8220;][et_pb_column type=&#8220;4_4&#8243; _builder_version=&#8220;4.27.0&#8243; _module_preset=&#8220;default&#8220; global_colors_info=&#8220;{}&#8220;][et_pb_video src=&#8220;https:\/\/youtu.be\/pN8L2O7bZPA&#8220; _builder_version=&#8220;4.27.0&#8243; _module_preset=&#8220;default&#8220; global_colors_info=&#8220;{}&#8220;][\/et_pb_video][\/et_pb_column][\/et_pb_row][\/et_pb_section]<\/p>\n","protected":false},"excerpt":{"rendered":"<p>R\u00fcckblick auf die interaktive Ausstellung \u201cEnergiefluss\u201dim TenneT-B\u00fcrgerb\u00fcro Energiewende AltdorfRegionale Energiegeschichte trifft auf k\u00fcnstlerische ZukunftsvisionenBild: Wolfgang Geyer im Auftrag von TenneTVom 11. bis zum 15. November 2024 fand im B\u00fcrgerb\u00fcro Energiewende in Altdorf eine interaktive Ausstellung statt. Im Zentrum stand die Geschichte der vor \u00fcber 70 Jahren gebauten Stromtrasse \u201cReichssammelschiene\u201d. Die Besucher erwartete eine k\u00fcnstlerische Zeitreise [&hellip;]<\/p>\n","protected":false},"author":1,"featured_media":0,"parent":838,"menu_order":0,"comment_status":"closed","ping_status":"closed","template":"","meta":{"_et_pb_use_builder":"on","_et_pb_old_content":"","_et_gb_content_width":"","footnotes":""},"class_list":["post-163","page","type-page","status-publish","hentry"],"yoast_head":"<!-- This site is optimized with the Yoast SEO plugin v27.0 - https:\/\/yoast.com\/product\/yoast-seo-wordpress\/ -->\n<title>Interaktive Ausstellung \u2013 Entwicklung der Juraleitung A-Ost - B\u00fcrgerb\u00fcro Energiewende Altdorf<\/title>\n<meta name=\"robots\" content=\"index, follow, max-snippet:-1, max-image-preview:large, max-video-preview:-1\" \/>\n<link rel=\"canonical\" href=\"https:\/\/www.buergerbuero-energiewende.de\/?page_id=163\" \/>\n<meta property=\"og:locale\" content=\"de_DE\" \/>\n<meta property=\"og:type\" content=\"article\" \/>\n<meta property=\"og:title\" content=\"Interaktive Ausstellung \u2013 Entwicklung der Juraleitung A-Ost - B\u00fcrgerb\u00fcro Energiewende Altdorf\" \/>\n<meta property=\"og:description\" content=\"R\u00fcckblick auf die interaktive Ausstellung \u201cEnergiefluss\u201dim TenneT-B\u00fcrgerb\u00fcro Energiewende AltdorfRegionale Energiegeschichte trifft auf k\u00fcnstlerische ZukunftsvisionenBild: Wolfgang Geyer im Auftrag von TenneTVom 11. bis zum 15. November 2024 fand im B\u00fcrgerb\u00fcro Energiewende in Altdorf eine interaktive Ausstellung statt. Im Zentrum stand die Geschichte der vor \u00fcber 70 Jahren gebauten Stromtrasse \u201cReichssammelschiene\u201d. Die Besucher erwartete eine k\u00fcnstlerische Zeitreise [&hellip;]\" \/>\n<meta property=\"og:url\" content=\"https:\/\/www.buergerbuero-energiewende.de\/?page_id=163\" \/>\n<meta property=\"og:site_name\" content=\"B\u00fcrgerb\u00fcro Energiewende Altdorf\" \/>\n<meta property=\"article:modified_time\" content=\"2026-03-11T12:38:28+00:00\" \/>\n<meta name=\"twitter:card\" content=\"summary_large_image\" \/>\n<meta name=\"twitter:label1\" content=\"Gesch\u00e4tzte Lesezeit\" \/>\n\t<meta name=\"twitter:data1\" content=\"5\u00a0Minuten\" \/>\n<script type=\"application\/ld+json\" class=\"yoast-schema-graph\">{\"@context\":\"https:\/\/schema.org\",\"@graph\":[{\"@type\":\"WebPage\",\"@id\":\"https:\/\/www.buergerbuero-energiewende.de\/?page_id=163\",\"url\":\"https:\/\/www.buergerbuero-energiewende.de\/?page_id=163\",\"name\":\"Interaktive Ausstellung \u2013 Entwicklung der Juraleitung A-Ost - B\u00fcrgerb\u00fcro Energiewende Altdorf\",\"isPartOf\":{\"@id\":\"https:\/\/www.buergerbuero-energiewende.de\/#website\"},\"datePublished\":\"2024-08-26T11:45:12+00:00\",\"dateModified\":\"2026-03-11T12:38:28+00:00\",\"breadcrumb\":{\"@id\":\"https:\/\/www.buergerbuero-energiewende.de\/?page_id=163#breadcrumb\"},\"inLanguage\":\"de\",\"potentialAction\":[{\"@type\":\"ReadAction\",\"target\":[\"https:\/\/www.buergerbuero-energiewende.de\/?page_id=163\"]}]},{\"@type\":\"BreadcrumbList\",\"@id\":\"https:\/\/www.buergerbuero-energiewende.de\/?page_id=163#breadcrumb\",\"itemListElement\":[{\"@type\":\"ListItem\",\"position\":1,\"name\":\"Startseite\",\"item\":\"https:\/\/www.buergerbuero-energiewende.de\/\"},{\"@type\":\"ListItem\",\"position\":2,\"name\":\"Aktuelles\",\"item\":\"https:\/\/www.buergerbuero-energiewende.de\/?page_id=838\"},{\"@type\":\"ListItem\",\"position\":3,\"name\":\"Interaktive Ausstellung \u2013 Entwicklung der Juraleitung A-Ost\"}]},{\"@type\":\"WebSite\",\"@id\":\"https:\/\/www.buergerbuero-energiewende.de\/#website\",\"url\":\"https:\/\/www.buergerbuero-energiewende.de\/\",\"name\":\"B\u00fcrgerb\u00fcro Energiewende Altdorf\",\"description\":\"\",\"potentialAction\":[{\"@type\":\"SearchAction\",\"target\":{\"@type\":\"EntryPoint\",\"urlTemplate\":\"https:\/\/www.buergerbuero-energiewende.de\/?s={search_term_string}\"},\"query-input\":{\"@type\":\"PropertyValueSpecification\",\"valueRequired\":true,\"valueName\":\"search_term_string\"}}],\"inLanguage\":\"de\"}]}<\/script>\n<!-- \/ Yoast SEO plugin. -->","yoast_head_json":{"title":"Interaktive Ausstellung \u2013 Entwicklung der Juraleitung A-Ost - B\u00fcrgerb\u00fcro Energiewende Altdorf","robots":{"index":"index","follow":"follow","max-snippet":"max-snippet:-1","max-image-preview":"max-image-preview:large","max-video-preview":"max-video-preview:-1"},"canonical":"https:\/\/www.buergerbuero-energiewende.de\/?page_id=163","og_locale":"de_DE","og_type":"article","og_title":"Interaktive Ausstellung \u2013 Entwicklung der Juraleitung A-Ost - B\u00fcrgerb\u00fcro Energiewende Altdorf","og_description":"R\u00fcckblick auf die interaktive Ausstellung \u201cEnergiefluss\u201dim TenneT-B\u00fcrgerb\u00fcro Energiewende AltdorfRegionale Energiegeschichte trifft auf k\u00fcnstlerische ZukunftsvisionenBild: Wolfgang Geyer im Auftrag von TenneTVom 11. bis zum 15. November 2024 fand im B\u00fcrgerb\u00fcro Energiewende in Altdorf eine interaktive Ausstellung statt. Im Zentrum stand die Geschichte der vor \u00fcber 70 Jahren gebauten Stromtrasse \u201cReichssammelschiene\u201d. Die Besucher erwartete eine k\u00fcnstlerische Zeitreise [&hellip;]","og_url":"https:\/\/www.buergerbuero-energiewende.de\/?page_id=163","og_site_name":"B\u00fcrgerb\u00fcro Energiewende Altdorf","article_modified_time":"2026-03-11T12:38:28+00:00","twitter_card":"summary_large_image","twitter_misc":{"Gesch\u00e4tzte Lesezeit":"5\u00a0Minuten"},"schema":{"@context":"https:\/\/schema.org","@graph":[{"@type":"WebPage","@id":"https:\/\/www.buergerbuero-energiewende.de\/?page_id=163","url":"https:\/\/www.buergerbuero-energiewende.de\/?page_id=163","name":"Interaktive Ausstellung \u2013 Entwicklung der Juraleitung A-Ost - B\u00fcrgerb\u00fcro Energiewende Altdorf","isPartOf":{"@id":"https:\/\/www.buergerbuero-energiewende.de\/#website"},"datePublished":"2024-08-26T11:45:12+00:00","dateModified":"2026-03-11T12:38:28+00:00","breadcrumb":{"@id":"https:\/\/www.buergerbuero-energiewende.de\/?page_id=163#breadcrumb"},"inLanguage":"de","potentialAction":[{"@type":"ReadAction","target":["https:\/\/www.buergerbuero-energiewende.de\/?page_id=163"]}]},{"@type":"BreadcrumbList","@id":"https:\/\/www.buergerbuero-energiewende.de\/?page_id=163#breadcrumb","itemListElement":[{"@type":"ListItem","position":1,"name":"Startseite","item":"https:\/\/www.buergerbuero-energiewende.de\/"},{"@type":"ListItem","position":2,"name":"Aktuelles","item":"https:\/\/www.buergerbuero-energiewende.de\/?page_id=838"},{"@type":"ListItem","position":3,"name":"Interaktive Ausstellung \u2013 Entwicklung der Juraleitung A-Ost"}]},{"@type":"WebSite","@id":"https:\/\/www.buergerbuero-energiewende.de\/#website","url":"https:\/\/www.buergerbuero-energiewende.de\/","name":"B\u00fcrgerb\u00fcro Energiewende Altdorf","description":"","potentialAction":[{"@type":"SearchAction","target":{"@type":"EntryPoint","urlTemplate":"https:\/\/www.buergerbuero-energiewende.de\/?s={search_term_string}"},"query-input":{"@type":"PropertyValueSpecification","valueRequired":true,"valueName":"search_term_string"}}],"inLanguage":"de"}]}},"publishpress_future_action":{"enabled":false,"date":"2026-04-24 07:53:07","action":"change-status","newStatus":"draft","terms":[],"taxonomy":"","extraData":[]},"publishpress_future_workflow_manual_trigger":{"enabledWorkflows":[]},"_links":{"self":[{"href":"https:\/\/www.buergerbuero-energiewende.de\/index.php?rest_route=\/wp\/v2\/pages\/163","targetHints":{"allow":["GET"]}}],"collection":[{"href":"https:\/\/www.buergerbuero-energiewende.de\/index.php?rest_route=\/wp\/v2\/pages"}],"about":[{"href":"https:\/\/www.buergerbuero-energiewende.de\/index.php?rest_route=\/wp\/v2\/types\/page"}],"author":[{"embeddable":true,"href":"https:\/\/www.buergerbuero-energiewende.de\/index.php?rest_route=\/wp\/v2\/users\/1"}],"replies":[{"embeddable":true,"href":"https:\/\/www.buergerbuero-energiewende.de\/index.php?rest_route=%2Fwp%2Fv2%2Fcomments&post=163"}],"version-history":[{"count":48,"href":"https:\/\/www.buergerbuero-energiewende.de\/index.php?rest_route=\/wp\/v2\/pages\/163\/revisions"}],"predecessor-version":[{"id":752,"href":"https:\/\/www.buergerbuero-energiewende.de\/index.php?rest_route=\/wp\/v2\/pages\/163\/revisions\/752"}],"up":[{"embeddable":true,"href":"https:\/\/www.buergerbuero-energiewende.de\/index.php?rest_route=\/wp\/v2\/pages\/838"}],"wp:attachment":[{"href":"https:\/\/www.buergerbuero-energiewende.de\/index.php?rest_route=%2Fwp%2Fv2%2Fmedia&parent=163"}],"curies":[{"name":"wp","href":"https:\/\/api.w.org\/{rel}","templated":true}]}}