{"id":115,"date":"2024-08-26T11:57:58","date_gmt":"2024-08-26T11:57:58","guid":{"rendered":"https:\/\/www.buergerbuero-energiewende.de\/?page_id=115"},"modified":"2026-03-11T12:38:50","modified_gmt":"2026-03-11T12:38:50","slug":"faq-abschnitt-a-ost","status":"publish","type":"page","link":"https:\/\/www.buergerbuero-energiewende.de\/?page_id=115","title":{"rendered":"Abschnitt A-Ost \u2013 Fragen &#038; Antworten"},"content":{"rendered":"<p>[et_pb_section fb_built=&#8220;1&#8243; _builder_version=&#8220;4.27.0&#8243; _module_preset=&#8220;default&#8220; global_colors_info=&#8220;{}&#8220;][et_pb_row _builder_version=&#8220;4.27.0&#8243; _module_preset=&#8220;default&#8220; width=&#8220;92.1%&#8220; global_colors_info=&#8220;{}&#8220;][et_pb_column type=&#8220;4_4&#8243; _builder_version=&#8220;4.24.2&#8243; _module_preset=&#8220;default&#8220; global_colors_info=&#8220;{}&#8220;][et_pb_text _builder_version=&#8220;4.27.0&#8243; _module_preset=&#8220;default&#8220; text_font_size=&#8220;24px&#8220; text_line_height=&#8220;1.4em&#8220; header_font=&#8220;&#8211;et_global_heading_font|600|||||||&#8220; header_text_color=&#8220;#314C93&#8243; header_font_size=&#8220;38px&#8220; header_line_height=&#8220;1.2em&#8220; background_color=&#8220;RGBA(255,255,255,0)&#8220; width=&#8220;91.4%&#8220; custom_margin=&#8220;|-664px||||&#8220; header_font_size_tablet=&#8220;38px&#8220; header_font_size_phone=&#8220;24px&#8220; header_font_size_last_edited=&#8220;on|phone&#8220; global_colors_info=&#8220;{}&#8220;]<\/p>\n<h1 style=\"text-align: left;\">Abschnitt A-Ost Juraleitung \u2013 Fragen &amp; Antworten<\/h1>\n<p>&nbsp;<\/p>\n<p>[\/et_pb_text][et_pb_accordion open_toggle_text_color=&#8220;#3550a0&#8243; open_toggle_background_color=&#8220;#f0f2f6&#8243; closed_toggle_text_color=&#8220;#3550a0&#8243; closed_toggle_background_color=&#8220;#f0f2f6&#8243; icon_color=&#8220;#3550a0&#8243; _builder_version=&#8220;4.27.0&#8243; toggle_font=&#8220;&#8211;et_global_heading_font||||||||&#8220; toggle_font_size=&#8220;22px&#8220; toggle_line_height=&#8220;1.5em&#8220; body_font=&#8220;||||||||&#8220; body_font_size=&#8220;16px&#8220; body_line_height=&#8220;1.9em&#8220; custom_margin=&#8220;|||&#8220; custom_padding=&#8220;|||&#8220; hover_enabled=&#8220;0&#8243; border_width_all=&#8220;0px&#8220; global_colors_info=&#8220;{}&#8220; sticky_enabled=&#8220;0&#8243;][et_pb_accordion_item title=&#8220;Wie ist die gesetzliche Grundlage f\u00fcr den Ersatzneubau der Juraleitung?&#8220; open=&#8220;off&#8220; _builder_version=&#8220;4.27.0&#8243; custom_margin=&#8220;10px||10px||true&#8220; custom_padding=&#8220;30px||30px||true&#8220; global_colors_info=&#8220;{}&#8220;]<\/p>\n<div class=\"ewa-rteLine\">Der Abschnitt A-Ost ist Teil des Ersatzneubaus der sogenannten Juraleitung, die als Vorhaben 41 im Bundesbedarfsplangesetz verankert ist. Mit dieser gesetzlichen Festlegung ist TenneT dazu verpflichtet, das Vorhaben durchzuf\u00fchren.<\/div>\n<p>[\/et_pb_accordion_item][et_pb_accordion_item title=&#8220;Wo verl\u00e4uft der Abschnitt A-Ost?&#8220; _builder_version=&#8220;4.27.0&#8243; custom_margin=&#8220;10px||10px||true&#8220; custom_padding=&#8220;30px||30px||true&#8220; global_colors_info=&#8220;{}&#8220; open=&#8220;off&#8220;]<\/p>\n<div class=\"ewa-rteLine\">Der Abschnitt A-Ost f\u00fchrt von Winkelhaid zur Regierungsbezirksgrenze Mittelfranken\/Oberpfalz und durchquert dabei Winkelhaid, Altdorf bei N\u00fcrnberg und Burgthann. Er hat eine L\u00e4nge von ca. 12 km.<\/div>\n<p>&nbsp;<\/p>\n<p><img loading=\"lazy\" decoding=\"async\" src=\"https:\/\/www.buergerbuero-energiewende.de\/wp-content\/uploads\/2024\/08\/A070-Wo-verlaeuft-der-Abschnitt-A-Ost_Bild1-1024x932.jpg\" width=\"627\" height=\"570\" alt=\"\" class=\"wp-image-253 alignnone size-large\" \/> <img loading=\"lazy\" decoding=\"async\" src=\"https:\/\/www.buergerbuero-energiewende.de\/wp-content\/uploads\/2024\/08\/A070-Wo-verlaeuft-der-Abschnitt-A-Ost_Bild-2-722x1024.jpg\" width=\"402\" height=\"570\" alt=\"\" class=\"wp-image-254 alignnone size-large\" \/><\/p>\n<p>[\/et_pb_accordion_item][et_pb_accordion_item title=&#8220;Was wird im Abschnitt A-Ost gebaut?&#8220; _builder_version=&#8220;4.27.0&#8243; custom_margin=&#8220;10px||10px||true&#8220; custom_padding=&#8220;30px||30px||true&#8220; hover_enabled=&#8220;0&#8243; global_colors_info=&#8220;{}&#8220; open=&#8220;on&#8220; sticky_enabled=&#8220;0&#8243;]<\/p>\n<div class=\"ewa-rteLine\">Bestandteil des Abschnitts ist der Neubau des Umspannwerks Ludersheim-West. Dieses wird mit der am Standort des bestehenden Umspannwerks in Ludersheim verbleibenden 110-kV-Schaltanlage des Bayernwerks \u00fcber eine 110-kV-Leitung verbunden. Ebenfalls erfolgt der Anschluss der 220-kV-Leitung, der B82 an das Umspannwerk Ludersheim-West.<\/div>\n<div class=\"ewa-rteLine\">\n<p>Die derzeit bestehende Juraleitung, die Richtung Sittling und Raitersaich f\u00fchrt, wird derzeit mit einer Spannung von 220 Kilovolt betrieben. Durch den geplanten Ersatzneubau kann k\u00fcnftig Strom mit einer Spannung von 380 Kilovolt \u00fcbertagen werden.<\/p>\n<\/div>\n<p>[\/et_pb_accordion_item][et_pb_accordion_item title=&#8220;Gibt es im Abschnitt A-Ost eine Teilerdverkabelung?&#8220; _builder_version=&#8220;4.27.0&#8243; custom_margin=&#8220;10px||10px||true&#8220; custom_padding=&#8220;30px||30px||true&#8220; global_colors_info=&#8220;{}&#8220; open=&#8220;off&#8220;]<\/p>\n<div class=\"ewa-rteLine\">Nein. Nach Auswertung der Bodenuntersuchungen und eingehender Pr\u00fcfung der Teilerdverkabelung, ist die Freileitung die vorzugsw\u00fcrdige Leitungsvariante.<\/div>\n<p>[\/et_pb_accordion_item][\/et_pb_accordion][\/et_pb_column][\/et_pb_row][\/et_pb_section]<\/p>\n","protected":false},"excerpt":{"rendered":"<p>Abschnitt A-Ost Juraleitung \u2013 Fragen &amp; Antworten &nbsp;Der Abschnitt A-Ost ist Teil des Ersatzneubaus der sogenannten Juraleitung, die als Vorhaben 41 im Bundesbedarfsplangesetz verankert ist. Mit dieser gesetzlichen Festlegung ist TenneT dazu verpflichtet, das Vorhaben durchzuf\u00fchren.Der Abschnitt A-Ost f\u00fchrt von Winkelhaid zur Regierungsbezirksgrenze Mittelfranken\/Oberpfalz und durchquert dabei Winkelhaid, Altdorf bei N\u00fcrnberg und Burgthann. Er hat [&hellip;]<\/p>\n","protected":false},"author":1,"featured_media":0,"parent":882,"menu_order":0,"comment_status":"closed","ping_status":"closed","template":"","meta":{"_et_pb_use_builder":"on","_et_pb_old_content":"","_et_gb_content_width":"","footnotes":""},"class_list":["post-115","page","type-page","status-publish","hentry"],"yoast_head":"<!-- This site is optimized with the Yoast SEO plugin v27.0 - https:\/\/yoast.com\/product\/yoast-seo-wordpress\/ -->\n<title>Abschnitt A-Ost \u2013 Fragen &amp; Antworten - B\u00fcrgerb\u00fcro Energiewende Altdorf<\/title>\n<meta name=\"robots\" content=\"index, follow, max-snippet:-1, max-image-preview:large, max-video-preview:-1\" \/>\n<link rel=\"canonical\" href=\"https:\/\/www.buergerbuero-energiewende.de\/?page_id=115\" \/>\n<meta property=\"og:locale\" content=\"de_DE\" \/>\n<meta property=\"og:type\" content=\"article\" \/>\n<meta property=\"og:title\" content=\"Abschnitt A-Ost \u2013 Fragen &amp; Antworten - B\u00fcrgerb\u00fcro Energiewende Altdorf\" \/>\n<meta property=\"og:description\" content=\"Abschnitt A-Ost Juraleitung \u2013 Fragen &amp; Antworten &nbsp;Der Abschnitt A-Ost ist Teil des Ersatzneubaus der sogenannten Juraleitung, die als Vorhaben 41 im Bundesbedarfsplangesetz verankert ist. Mit dieser gesetzlichen Festlegung ist TenneT dazu verpflichtet, das Vorhaben durchzuf\u00fchren.Der Abschnitt A-Ost f\u00fchrt von Winkelhaid zur Regierungsbezirksgrenze Mittelfranken\/Oberpfalz und durchquert dabei Winkelhaid, Altdorf bei N\u00fcrnberg und Burgthann. Er hat [&hellip;]\" \/>\n<meta property=\"og:url\" content=\"https:\/\/www.buergerbuero-energiewende.de\/?page_id=115\" \/>\n<meta property=\"og:site_name\" content=\"B\u00fcrgerb\u00fcro Energiewende Altdorf\" \/>\n<meta property=\"article:modified_time\" content=\"2026-03-11T12:38:50+00:00\" \/>\n<meta property=\"og:image\" content=\"https:\/\/www.buergerbuero-energiewende.de\/wp-content\/uploads\/2024\/08\/A070-Wo-verlaeuft-der-Abschnitt-A-Ost_Bild1.jpg\" \/>\n\t<meta property=\"og:image:width\" content=\"1807\" \/>\n\t<meta property=\"og:image:height\" content=\"1645\" \/>\n\t<meta property=\"og:image:type\" content=\"image\/jpeg\" \/>\n<meta name=\"twitter:card\" content=\"summary_large_image\" \/>\n<script type=\"application\/ld+json\" class=\"yoast-schema-graph\">{\"@context\":\"https:\/\/schema.org\",\"@graph\":[{\"@type\":\"WebPage\",\"@id\":\"https:\/\/www.buergerbuero-energiewende.de\/?page_id=115\",\"url\":\"https:\/\/www.buergerbuero-energiewende.de\/?page_id=115\",\"name\":\"Abschnitt A-Ost \u2013 Fragen & Antworten - B\u00fcrgerb\u00fcro Energiewende Altdorf\",\"isPartOf\":{\"@id\":\"https:\/\/www.buergerbuero-energiewende.de\/#website\"},\"primaryImageOfPage\":{\"@id\":\"https:\/\/www.buergerbuero-energiewende.de\/?page_id=115#primaryimage\"},\"image\":{\"@id\":\"https:\/\/www.buergerbuero-energiewende.de\/?page_id=115#primaryimage\"},\"thumbnailUrl\":\"https:\/\/www.buergerbuero-energiewende.de\/wp-content\/uploads\/2024\/08\/A070-Wo-verlaeuft-der-Abschnitt-A-Ost_Bild1-1024x932.jpg\",\"datePublished\":\"2024-08-26T11:57:58+00:00\",\"dateModified\":\"2026-03-11T12:38:50+00:00\",\"breadcrumb\":{\"@id\":\"https:\/\/www.buergerbuero-energiewende.de\/?page_id=115#breadcrumb\"},\"inLanguage\":\"de\",\"potentialAction\":[{\"@type\":\"ReadAction\",\"target\":[\"https:\/\/www.buergerbuero-energiewende.de\/?page_id=115\"]}]},{\"@type\":\"ImageObject\",\"inLanguage\":\"de\",\"@id\":\"https:\/\/www.buergerbuero-energiewende.de\/?page_id=115#primaryimage\",\"url\":\"https:\/\/www.buergerbuero-energiewende.de\/wp-content\/uploads\/2024\/08\/A070-Wo-verlaeuft-der-Abschnitt-A-Ost_Bild1.jpg\",\"contentUrl\":\"https:\/\/www.buergerbuero-energiewende.de\/wp-content\/uploads\/2024\/08\/A070-Wo-verlaeuft-der-Abschnitt-A-Ost_Bild1.jpg\",\"width\":1807,\"height\":1645},{\"@type\":\"BreadcrumbList\",\"@id\":\"https:\/\/www.buergerbuero-energiewende.de\/?page_id=115#breadcrumb\",\"itemListElement\":[{\"@type\":\"ListItem\",\"position\":1,\"name\":\"Startseite\",\"item\":\"https:\/\/www.buergerbuero-energiewende.de\/\"},{\"@type\":\"ListItem\",\"position\":2,\"name\":\"FAQ\",\"item\":\"https:\/\/www.buergerbuero-energiewende.de\/?page_id=882\"},{\"@type\":\"ListItem\",\"position\":3,\"name\":\"Abschnitt A-Ost \u2013 Fragen &#038; Antworten\"}]},{\"@type\":\"WebSite\",\"@id\":\"https:\/\/www.buergerbuero-energiewende.de\/#website\",\"url\":\"https:\/\/www.buergerbuero-energiewende.de\/\",\"name\":\"B\u00fcrgerb\u00fcro Energiewende Altdorf\",\"description\":\"\",\"potentialAction\":[{\"@type\":\"SearchAction\",\"target\":{\"@type\":\"EntryPoint\",\"urlTemplate\":\"https:\/\/www.buergerbuero-energiewende.de\/?s={search_term_string}\"},\"query-input\":{\"@type\":\"PropertyValueSpecification\",\"valueRequired\":true,\"valueName\":\"search_term_string\"}}],\"inLanguage\":\"de\"}]}<\/script>\n<!-- \/ Yoast SEO plugin. -->","yoast_head_json":{"title":"Abschnitt A-Ost \u2013 Fragen & Antworten - B\u00fcrgerb\u00fcro Energiewende Altdorf","robots":{"index":"index","follow":"follow","max-snippet":"max-snippet:-1","max-image-preview":"max-image-preview:large","max-video-preview":"max-video-preview:-1"},"canonical":"https:\/\/www.buergerbuero-energiewende.de\/?page_id=115","og_locale":"de_DE","og_type":"article","og_title":"Abschnitt A-Ost \u2013 Fragen & Antworten - B\u00fcrgerb\u00fcro Energiewende Altdorf","og_description":"Abschnitt A-Ost Juraleitung \u2013 Fragen &amp; Antworten &nbsp;Der Abschnitt A-Ost ist Teil des Ersatzneubaus der sogenannten Juraleitung, die als Vorhaben 41 im Bundesbedarfsplangesetz verankert ist. Mit dieser gesetzlichen Festlegung ist TenneT dazu verpflichtet, das Vorhaben durchzuf\u00fchren.Der Abschnitt A-Ost f\u00fchrt von Winkelhaid zur Regierungsbezirksgrenze Mittelfranken\/Oberpfalz und durchquert dabei Winkelhaid, Altdorf bei N\u00fcrnberg und Burgthann. Er hat [&hellip;]","og_url":"https:\/\/www.buergerbuero-energiewende.de\/?page_id=115","og_site_name":"B\u00fcrgerb\u00fcro Energiewende Altdorf","article_modified_time":"2026-03-11T12:38:50+00:00","og_image":[{"width":1807,"height":1645,"url":"https:\/\/www.buergerbuero-energiewende.de\/wp-content\/uploads\/2024\/08\/A070-Wo-verlaeuft-der-Abschnitt-A-Ost_Bild1.jpg","type":"image\/jpeg"}],"twitter_card":"summary_large_image","schema":{"@context":"https:\/\/schema.org","@graph":[{"@type":"WebPage","@id":"https:\/\/www.buergerbuero-energiewende.de\/?page_id=115","url":"https:\/\/www.buergerbuero-energiewende.de\/?page_id=115","name":"Abschnitt A-Ost \u2013 Fragen & Antworten - B\u00fcrgerb\u00fcro Energiewende Altdorf","isPartOf":{"@id":"https:\/\/www.buergerbuero-energiewende.de\/#website"},"primaryImageOfPage":{"@id":"https:\/\/www.buergerbuero-energiewende.de\/?page_id=115#primaryimage"},"image":{"@id":"https:\/\/www.buergerbuero-energiewende.de\/?page_id=115#primaryimage"},"thumbnailUrl":"https:\/\/www.buergerbuero-energiewende.de\/wp-content\/uploads\/2024\/08\/A070-Wo-verlaeuft-der-Abschnitt-A-Ost_Bild1-1024x932.jpg","datePublished":"2024-08-26T11:57:58+00:00","dateModified":"2026-03-11T12:38:50+00:00","breadcrumb":{"@id":"https:\/\/www.buergerbuero-energiewende.de\/?page_id=115#breadcrumb"},"inLanguage":"de","potentialAction":[{"@type":"ReadAction","target":["https:\/\/www.buergerbuero-energiewende.de\/?page_id=115"]}]},{"@type":"ImageObject","inLanguage":"de","@id":"https:\/\/www.buergerbuero-energiewende.de\/?page_id=115#primaryimage","url":"https:\/\/www.buergerbuero-energiewende.de\/wp-content\/uploads\/2024\/08\/A070-Wo-verlaeuft-der-Abschnitt-A-Ost_Bild1.jpg","contentUrl":"https:\/\/www.buergerbuero-energiewende.de\/wp-content\/uploads\/2024\/08\/A070-Wo-verlaeuft-der-Abschnitt-A-Ost_Bild1.jpg","width":1807,"height":1645},{"@type":"BreadcrumbList","@id":"https:\/\/www.buergerbuero-energiewende.de\/?page_id=115#breadcrumb","itemListElement":[{"@type":"ListItem","position":1,"name":"Startseite","item":"https:\/\/www.buergerbuero-energiewende.de\/"},{"@type":"ListItem","position":2,"name":"FAQ","item":"https:\/\/www.buergerbuero-energiewende.de\/?page_id=882"},{"@type":"ListItem","position":3,"name":"Abschnitt A-Ost \u2013 Fragen &#038; Antworten"}]},{"@type":"WebSite","@id":"https:\/\/www.buergerbuero-energiewende.de\/#website","url":"https:\/\/www.buergerbuero-energiewende.de\/","name":"B\u00fcrgerb\u00fcro Energiewende Altdorf","description":"","potentialAction":[{"@type":"SearchAction","target":{"@type":"EntryPoint","urlTemplate":"https:\/\/www.buergerbuero-energiewende.de\/?s={search_term_string}"},"query-input":{"@type":"PropertyValueSpecification","valueRequired":true,"valueName":"search_term_string"}}],"inLanguage":"de"}]}},"publishpress_future_action":{"enabled":false,"date":"2026-04-24 07:45:17","action":"change-status","newStatus":"draft","terms":[],"taxonomy":"","extraData":[]},"publishpress_future_workflow_manual_trigger":{"enabledWorkflows":[]},"_links":{"self":[{"href":"https:\/\/www.buergerbuero-energiewende.de\/index.php?rest_route=\/wp\/v2\/pages\/115","targetHints":{"allow":["GET"]}}],"collection":[{"href":"https:\/\/www.buergerbuero-energiewende.de\/index.php?rest_route=\/wp\/v2\/pages"}],"about":[{"href":"https:\/\/www.buergerbuero-energiewende.de\/index.php?rest_route=\/wp\/v2\/types\/page"}],"author":[{"embeddable":true,"href":"https:\/\/www.buergerbuero-energiewende.de\/index.php?rest_route=\/wp\/v2\/users\/1"}],"replies":[{"embeddable":true,"href":"https:\/\/www.buergerbuero-energiewende.de\/index.php?rest_route=%2Fwp%2Fv2%2Fcomments&post=115"}],"version-history":[{"count":14,"href":"https:\/\/www.buergerbuero-energiewende.de\/index.php?rest_route=\/wp\/v2\/pages\/115\/revisions"}],"predecessor-version":[{"id":536,"href":"https:\/\/www.buergerbuero-energiewende.de\/index.php?rest_route=\/wp\/v2\/pages\/115\/revisions\/536"}],"up":[{"embeddable":true,"href":"https:\/\/www.buergerbuero-energiewende.de\/index.php?rest_route=\/wp\/v2\/pages\/882"}],"wp:attachment":[{"href":"https:\/\/www.buergerbuero-energiewende.de\/index.php?rest_route=%2Fwp%2Fv2%2Fmedia&parent=115"}],"curies":[{"name":"wp","href":"https:\/\/api.w.org\/{rel}","templated":true}]}}